{"id":2802,"date":"2025-01-14T12:02:05","date_gmt":"2025-01-14T12:02:05","guid":{"rendered":"https:\/\/dummy.xtemos.com\/woodmart2\/marketplace2-elementor\/?page_id=19"},"modified":"2026-03-13T12:18:03","modified_gmt":"2026-03-13T17:18:03","slug":"quienes-somos","status":"publish","type":"page","link":"https:\/\/tiendaao.com\/Ecomerce\/quienes-somos\/","title":{"rendered":"Quienes somos"},"content":{"rendered":"\t\t<div data-elementor-type=\"wp-page\" data-elementor-id=\"2802\" class=\"elementor elementor-2802\" data-elementor-post-type=\"page\">\n\t\t\t\t<div class=\"wd-negative-gap elementor-element elementor-element-d5e289e e-flex e-con-boxed e-con e-parent\" data-id=\"d5e289e\" data-element_type=\"container\" data-e-type=\"container\">\n\t\t\t\t\t<div class=\"e-con-inner\">\n\t\t<div class=\"wd-sticky-container-lg elementor-element elementor-element-bac91b5 e-con-full wd-col-offcanvas-md-sm wd-col-offcanvas-sm e-flex wd-alignment-left e-con e-child\" data-id=\"bac91b5\" data-element_type=\"container\" data-e-type=\"container\">\n\t\t\t\t<div class=\"elementor-element elementor-element-fe05ff2 elementor-widget elementor-widget-wd_mega_menu\" data-id=\"fe05ff2\" data-element_type=\"widget\" data-e-type=\"widget\" data-widget_type=\"wd_mega_menu.default\">\n\t\t\t\t<div class=\"elementor-widget-container\">\n\t\t\t\t\t\t\t<div class=\"wd-menu widget_nav_mega_menu\">\n\t\t\t\t\t\t<ul id=\"menu-menu-ao-apoyo\" class=\"menu wd-nav wd-nav-vertical wd-design-simple wd-gap-l\"><li id=\"menu-item-2841\" class=\"menu-item menu-item-type-post_type menu-item-object-page menu-item-2841 item-level-0 menu-simple-dropdown wd-event-hover\" ><a href=\"https:\/\/tiendaao.com\/Ecomerce\/quienes-somos\/\" class=\"woodmart-nav-link\"><span class=\"nav-link-text\">Quienes somos<\/span><\/a><\/li>\n<li id=\"menu-item-5272\" class=\"menu-item menu-item-type-post_type menu-item-object-page menu-item-5272 item-level-0 menu-simple-dropdown wd-event-hover\" ><a href=\"https:\/\/tiendaao.com\/Ecomerce\/preguntas-frecuentes\/\" class=\"woodmart-nav-link\"><span class=\"nav-link-text\">Preguntas frecuentes<\/span><\/a><\/li>\n<li id=\"menu-item-5273\" class=\"menu-item menu-item-type-post_type menu-item-object-page menu-item-5273 item-level-0 menu-simple-dropdown wd-event-hover\" ><a href=\"https:\/\/tiendaao.com\/Ecomerce\/trabaja-con-nosotros\/\" class=\"woodmart-nav-link\"><span class=\"nav-link-text\">Trabaja con nosotros<\/span><\/a><\/li>\n<li id=\"menu-item-5271\" class=\"menu-item menu-item-type-post_type menu-item-object-page menu-item-5271 item-level-0 menu-simple-dropdown wd-event-hover\" ><a href=\"https:\/\/tiendaao.com\/Ecomerce\/contacto\/\" class=\"woodmart-nav-link\"><span class=\"nav-link-text\">Cont\u00e1ctanos<\/span><\/a><\/li>\n<li id=\"menu-item-5367\" class=\"menu-item menu-item-type-post_type menu-item-object-page menu-item-5367 item-level-0 menu-simple-dropdown wd-event-hover\" ><a href=\"https:\/\/tiendaao.com\/Ecomerce\/donde-estamos\/\" class=\"woodmart-nav-link\"><span class=\"nav-link-text\">\u00bfDonde estamos?<\/span><\/a><\/li>\n<li id=\"menu-item-6498\" class=\"menu-item menu-item-type-post_type menu-item-object-page menu-item-6498 item-level-0 menu-simple-dropdown wd-event-hover\" ><a href=\"https:\/\/tiendaao.com\/Ecomerce\/hablemos\/\" class=\"woodmart-nav-link\"><span class=\"nav-link-text\">Hablemos! (PQRSD)<\/span><\/a><\/li>\n<li id=\"menu-item-6499\" class=\"menu-item menu-item-type-post_type menu-item-object-page menu-item-6499 item-level-0 menu-simple-dropdown wd-event-hover\" ><a href=\"https:\/\/tiendaao.com\/Ecomerce\/consultar-pqr\/\" class=\"woodmart-nav-link\"><span class=\"nav-link-text\">Consultar PQRSD<\/span><\/a><\/li>\n<\/ul>\t\t<\/div>\n\t\t\t\t\t\t<\/div>\n\t\t\t\t<\/div>\n\t\t\t\t<\/div>\n\t\t<div class=\"elementor-element elementor-element-f5faa36 e-con-full wd-col-content-md-sm wd-col-content-sm e-flex e-con e-child\" data-id=\"f5faa36\" data-element_type=\"container\" data-e-type=\"container\">\n\t\t<div class=\"elementor-element elementor-element-eae72bc e-con-full e-flex e-con e-child\" data-id=\"eae72bc\" data-element_type=\"container\" data-e-type=\"container\">\n\t\t\t\t<div class=\"elementor-element elementor-element-f1977fe elementor-hidden-desktop elementor-widget elementor-widget-wd_builder_off_canvas_column_btn\" data-id=\"f1977fe\" data-element_type=\"widget\" data-e-type=\"widget\" data-settings=\"{&quot;sticky&quot;:&quot;yes&quot;,&quot;sticky_on&quot;:[&quot;desktop&quot;,&quot;tablet&quot;,&quot;mobile&quot;],&quot;sticky_offset&quot;:0,&quot;sticky_effects_offset&quot;:0,&quot;sticky_anchor_link_offset&quot;:0}\" data-widget_type=\"wd_builder_off_canvas_column_btn.default\">\n\t\t\t\t<div class=\"elementor-widget-container\">\n\t\t\t\t\t\n\t\t<div class=\"wd-off-canvas-btn wd-action-btn wd-style-text wd-burger-icon\">\n\t\t\t<a href=\"#\" rel=\"nofollow\">\n\t\t\t\t\t\t\t\tMen\u00fa\t\t\t<\/a>\n\t\t<\/div>\n\n\t\t\t\t\t<div class=\"wd-sidebar-opener wd-show-on-scroll wd-action-btn wd-style-icon wd-burger-icon\">\n\t\t\t\t<a href=\"#\" rel=\"nofollow\">\n\t\t\t\t\t\t\t\t\t<\/a>\n\t\t\t<\/div>\n\t\t\t\t\t\t\t\t<\/div>\n\t\t\t\t<\/div>\n\t\t\t\t<div class=\"elementor-element elementor-element-3fe8b90 wd-width-100 elementor-widget elementor-widget-wd_title\" data-id=\"3fe8b90\" data-element_type=\"widget\" data-e-type=\"widget\" data-widget_type=\"wd_title.default\">\n\t\t\t\t<div class=\"elementor-widget-container\">\n\t\t\t\t\t\t\t<div class=\"title-wrapper wd-set-mb reset-last-child wd-title-color-default wd-title-style-default wd-title-size-default text-left\">\n\n\t\t\t\n\t\t\t<div class=\"liner-continer\">\n\t\t\t\t<h4 class=\"woodmart-title-container title wd-fontsize-l\">AO: Calidad de Vida para tu hogar, desde 1.989<\/h4> \n\t\t\t\t\t\t\t<\/div>\n\n\t\t\t\t\t\t\t<div class=\"title-after_title reset-last-child wd-fontsize-xs\">\n\t\t\t\t\t<p>En <strong>Tienda AO<\/strong> llevamos m\u00e1s de <strong>36 a\u00f1os acompa\u00f1ando a las familias colombianas<\/strong> a mejorar su calidad de vida en el hogar.<\/p><p>Nacimos con un prop\u00f3sito claro: <strong>hacer posible que m\u00e1s personas puedan equipar su casa con productos de calidad, precios justos y opciones de financiaci\u00f3n accesibles con nuestros aliados<\/strong>.<br \/>Desde entonces hemos crecido junto a miles de familias, llevando productos que transforman el d\u00eda a d\u00eda: <strong>mejor descanso, m\u00e1s comodidad y m\u00e1s bienestar en casa<\/strong>.<\/p><p>Hoy contamos con <strong>m\u00e1s de 50 almacenes en Colombia<\/strong> y una presencia que llega a cientos de ciudades, municipios y corregimientos, llevando descanso, comodidad y bienestar a miles de hogares en los departamentos del Atl\u00e1ntico, Cesar, Magdalena, Bol\u00edvar, Guajira, Santander, Norte de Santander y Cundinamarca.<\/p>\t\t\t\t<\/div>\n\t\t\t\t\t<\/div>\n\t\t\t\t\t\t<\/div>\n\t\t\t\t<\/div>\n\t\t\t\t<div class=\"elementor-element elementor-element-6b32a62 wd-width-100 elementor-widget elementor-widget-wd_title\" data-id=\"6b32a62\" data-element_type=\"widget\" data-e-type=\"widget\" data-widget_type=\"wd_title.default\">\n\t\t\t\t<div class=\"elementor-widget-container\">\n\t\t\t\t\t\t\t<div class=\"title-wrapper wd-set-mb reset-last-child wd-title-color-default wd-title-style-default wd-title-size-default text-left\">\n\n\t\t\t\n\t\t\t<div class=\"liner-continer\">\n\t\t\t\t<h4 class=\"woodmart-title-container title wd-fontsize-l\">Cifras que respaldan nuestra confianza<\/h4> \n\t\t\t\t\t\t\t<\/div>\n\n\t\t\t\t\t<\/div>\n\t\t\t\t\t\t<\/div>\n\t\t\t\t<\/div>\n\t\t\t\t<\/div>\n\t\t<div class=\"elementor-element elementor-element-3844b35 e-con-full e-flex e-con e-child\" data-id=\"3844b35\" data-element_type=\"container\" data-e-type=\"container\">\n\t\t<div class=\"elementor-element elementor-element-1a0333b e-con-full e-flex e-con e-child\" data-id=\"1a0333b\" data-element_type=\"container\" data-e-type=\"container\">\n\t\t<div class=\"elementor-element elementor-element-84c24b1 e-con-full e-flex e-con e-child\" data-id=\"84c24b1\" data-element_type=\"container\" data-e-type=\"container\">\n\t\t<div class=\"elementor-element elementor-element-19d2477 e-con-full e-flex e-con e-child\" data-id=\"19d2477\" data-element_type=\"container\" data-e-type=\"container\" data-settings=\"{&quot;background_background&quot;:&quot;classic&quot;}\">\n\t\t\t\t<div class=\"elementor-element elementor-element-37150fa wd-width-100 elementor-widget elementor-widget-wd_title\" data-id=\"37150fa\" data-element_type=\"widget\" data-e-type=\"widget\" data-widget_type=\"wd_title.default\">\n\t\t\t\t<div class=\"elementor-widget-container\">\n\t\t\t\t\t\t\t<div class=\"title-wrapper wd-set-mb reset-last-child wd-title-color-default wd-title-style-default wd-title-size-default text-center\">\n\n\t\t\t\n\t\t\t<div class=\"liner-continer\">\n\t\t\t\t<h4 class=\"woodmart-title-container title wd-fontsize-l\">+37 a\u00f1os<\/h4> \n\t\t\t\t\t\t\t<\/div>\n\n\t\t\t\t\t\t\t<div class=\"title-after_title reset-last-child wd-fontsize-xs\">\n\t\t\t\t\t<p>de experiencia<\/p>\t\t\t\t<\/div>\n\t\t\t\t\t<\/div>\n\t\t\t\t\t\t<\/div>\n\t\t\t\t<\/div>\n\t\t\t\t<\/div>\n\t\t<div class=\"elementor-element elementor-element-3c631e1 e-con-full e-flex e-con e-child\" data-id=\"3c631e1\" data-element_type=\"container\" data-e-type=\"container\" data-settings=\"{&quot;background_background&quot;:&quot;classic&quot;}\">\n\t\t\t\t<div class=\"elementor-element elementor-element-8692497 wd-width-100 elementor-widget elementor-widget-wd_title\" data-id=\"8692497\" data-element_type=\"widget\" data-e-type=\"widget\" data-widget_type=\"wd_title.default\">\n\t\t\t\t<div class=\"elementor-widget-container\">\n\t\t\t\t\t\t\t<div class=\"title-wrapper wd-set-mb reset-last-child wd-title-color-default wd-title-style-default wd-title-size-default text-center\">\n\n\t\t\t\n\t\t\t<div class=\"liner-continer\">\n\t\t\t\t<h4 class=\"woodmart-title-container title wd-fontsize-l\">+1 mill\u00f3n<\/h4> \n\t\t\t\t\t\t\t<\/div>\n\n\t\t\t\t\t\t\t<div class=\"title-after_title reset-last-child wd-fontsize-xs\">\n\t\t\t\t\t<p>de clientes al a\u00f1o<\/p>\t\t\t\t<\/div>\n\t\t\t\t\t<\/div>\n\t\t\t\t\t\t<\/div>\n\t\t\t\t<\/div>\n\t\t\t\t<\/div>\n\t\t<div class=\"elementor-element elementor-element-0f37f8c e-con-full e-flex e-con e-child\" data-id=\"0f37f8c\" data-element_type=\"container\" data-e-type=\"container\" data-settings=\"{&quot;background_background&quot;:&quot;classic&quot;}\">\n\t\t\t\t<div class=\"elementor-element elementor-element-6eb31b1 wd-width-100 elementor-widget elementor-widget-wd_title\" data-id=\"6eb31b1\" data-element_type=\"widget\" data-e-type=\"widget\" data-widget_type=\"wd_title.default\">\n\t\t\t\t<div class=\"elementor-widget-container\">\n\t\t\t\t\t\t\t<div class=\"title-wrapper wd-set-mb reset-last-child wd-title-color-default wd-title-style-default wd-title-size-default text-center\">\n\n\t\t\t\n\t\t\t<div class=\"liner-continer\">\n\t\t\t\t<h4 class=\"woodmart-title-container title wd-fontsize-l\">+300<\/h4> \n\t\t\t\t\t\t\t<\/div>\n\n\t\t\t\t\t\t\t<div class=\"title-after_title reset-last-child wd-fontsize-xs\">\n\t\t\t\t\t<p>municipios<\/p>\t\t\t\t<\/div>\n\t\t\t\t\t<\/div>\n\t\t\t\t\t\t<\/div>\n\t\t\t\t<\/div>\n\t\t\t\t<\/div>\n\t\t\t\t<\/div>\n\t\t\t\t<\/div>\n\t\t\t\t<div class=\"elementor-element elementor-element-2150aef wd-width-100 elementor-widget elementor-widget-wd_images_gallery\" data-id=\"2150aef\" data-element_type=\"widget\" data-e-type=\"widget\" data-widget_type=\"wd_images_gallery.default\">\n\t\t\t\t<div class=\"elementor-widget-container\">\n\t\t\t\t\t\t\t<div class=\"wd-images-gallery photoswipe-images wd-carousel-container\" style=\"--wd-align-items:center; --wd-justify-content:center;\">\n\t\t\t\t\t\t\t<div class=\"wd-carousel-inner\">\n\t\t\t\t\t\t<div class=\"wd-carousel wd-grid\" data-scroll_per_page=\"yes\" style=\"--wd-col-lg:3;--wd-col-md:3;--wd-col-sm:1;--wd-gap-lg:20px;--wd-gap-sm:10px;\">\n\t\t\t\t\t\t\t\t\t<div class=\"wd-carousel-wrap\">\n\t\t\t\t\t\t\t\t\t\t\t\t\t\t\t\t\t\t<div class=\"wd-gallery-item wd-carousel-item\">\n\t\t\t\t\t\t\t\t\t\t\t\t\t<a  href=\"https:\/\/tiendaao.com\/Ecomerce\/wp-content\/uploads\/2025\/01\/about-us-gallery-1-opt.jpg\" data-width=\"440\" data-height=\"280\" data-index=\"1\" data-elementor-open-lightbox=\"no\">\n\t\t\t\t\t\t\n\t\t\t\t\t\t<img fetchpriority=\"high\" decoding=\"async\" width=\"440\" height=\"280\" src=\"https:\/\/tiendaao.com\/Ecomerce\/wp-content\/uploads\/2025\/01\/about-us-gallery-1-opt.jpg\" class=\"attachment-full size-full\" alt=\"about-us-gallery-1-opt\" srcset=\"https:\/\/tiendaao.com\/Ecomerce\/wp-content\/uploads\/2025\/01\/about-us-gallery-1-opt.jpg 440w, https:\/\/tiendaao.com\/Ecomerce\/wp-content\/uploads\/2025\/01\/about-us-gallery-1-opt-150x95.jpg 150w\" sizes=\"(max-width: 440px) 100vw, 440px\" \/>\n\t\t\t\t\t\t\t\t\t\t\t\t\t<\/a>\n\t\t\t\t\t\t\t\t\t\t\t<\/div>\n\t\t\t\t\t\t\t\t\t\t\t\t\t\t\t<div class=\"wd-gallery-item wd-carousel-item\">\n\t\t\t\t\t\t\t\t\t\t\t\t\t<a  href=\"https:\/\/tiendaao.com\/Ecomerce\/wp-content\/uploads\/2025\/01\/about-us-gallery-2-opt.jpg\" data-width=\"440\" data-height=\"280\" data-index=\"2\" data-elementor-open-lightbox=\"no\">\n\t\t\t\t\t\t\n\t\t\t\t\t\t<img decoding=\"async\" width=\"440\" height=\"280\" src=\"https:\/\/tiendaao.com\/Ecomerce\/wp-content\/uploads\/2025\/01\/about-us-gallery-2-opt.jpg\" class=\"attachment-full size-full\" alt=\"about-us-gallery-2-opt\" srcset=\"https:\/\/tiendaao.com\/Ecomerce\/wp-content\/uploads\/2025\/01\/about-us-gallery-2-opt.jpg 440w, https:\/\/tiendaao.com\/Ecomerce\/wp-content\/uploads\/2025\/01\/about-us-gallery-2-opt-150x95.jpg 150w\" sizes=\"(max-width: 440px) 100vw, 440px\" \/>\n\t\t\t\t\t\t\t\t\t\t\t\t\t<\/a>\n\t\t\t\t\t\t\t\t\t\t\t<\/div>\n\t\t\t\t\t\t\t\t\t\t\t\t\t\t\t<div class=\"wd-gallery-item wd-carousel-item\">\n\t\t\t\t\t\t\t\t\t\t\t\t\t<a  href=\"https:\/\/tiendaao.com\/Ecomerce\/wp-content\/uploads\/2025\/01\/about-us-gallery-3-opt.jpg\" data-width=\"440\" data-height=\"280\" data-index=\"3\" data-elementor-open-lightbox=\"no\">\n\t\t\t\t\t\t\n\t\t\t\t\t\t<img decoding=\"async\" width=\"440\" height=\"280\" src=\"https:\/\/tiendaao.com\/Ecomerce\/wp-content\/uploads\/2025\/01\/about-us-gallery-3-opt.jpg\" class=\"attachment-full size-full\" alt=\"about-us-gallery-3-opt\" srcset=\"https:\/\/tiendaao.com\/Ecomerce\/wp-content\/uploads\/2025\/01\/about-us-gallery-3-opt.jpg 440w, https:\/\/tiendaao.com\/Ecomerce\/wp-content\/uploads\/2025\/01\/about-us-gallery-3-opt-150x95.jpg 150w\" sizes=\"(max-width: 440px) 100vw, 440px\" \/>\n\t\t\t\t\t\t\t\t\t\t\t\t\t<\/a>\n\t\t\t\t\t\t\t\t\t\t\t<\/div>\n\t\t\t\t\t\t\t\t\t\t\t\t\t\t\t\t<\/div>\n\t\t\t\t\t\t\t\t<\/div>\n\t\t\t\t\t\t\t\t\t\t\t\t\t\t<div class=\"wd-nav-arrows wd-pos-sep wd-hover-1 wd-icon-1\">\n\t\t\t<div class=\"wd-btn-arrow wd-prev wd-disabled\">\n\t\t\t\t<div class=\"wd-arrow-inner\"><\/div>\n\t\t\t<\/div>\n\t\t\t<div class=\"wd-btn-arrow wd-next\">\n\t\t\t\t<div class=\"wd-arrow-inner\"><\/div>\n\t\t\t<\/div>\n\t\t<\/div>\n\t\t\t\t\t\t\n\t\t\t\t<\/div>\n\n\t\t\t\t\t\t\t\t\t\t\t\t\t<\/div>\n\t\t\t\t\t\t<\/div>\n\t\t\t\t<\/div>\n\t\t\t\t<\/div>\n\t\t<div class=\"elementor-element elementor-element-f5c9490 e-con-full e-flex e-con e-child\" data-id=\"f5c9490\" data-element_type=\"container\" data-e-type=\"container\">\n\t\t<div class=\"elementor-element elementor-element-0a2f845 e-con-full e-flex e-con e-child\" data-id=\"0a2f845\" data-element_type=\"container\" data-e-type=\"container\">\n\t\t\t\t<div class=\"elementor-element elementor-element-7d85c77 wd-width-100 elementor-widget elementor-widget-wd_title\" data-id=\"7d85c77\" data-element_type=\"widget\" data-e-type=\"widget\" data-widget_type=\"wd_title.default\">\n\t\t\t\t<div class=\"elementor-widget-container\">\n\t\t\t\t\t\t\t<div class=\"title-wrapper wd-set-mb reset-last-child wd-title-color-default wd-title-style-default wd-title-size-default text-left\">\n\n\t\t\t\n\t\t\t<div class=\"liner-continer\">\n\t\t\t\t<h2 class=\"woodmart-title-container title wd-fontsize-l\">Por qu\u00e9 elegirnos<\/h2> \n\t\t\t\t\t\t\t<\/div>\n\n\t\t\t\t\t\t\t<div class=\"title-after_title reset-last-child wd-fontsize-xs\">\n\t\t\t\t\t<p><strong>Miles de familias ya han confiado en Tienda AO para mejorar su hogar.<\/strong><strong><br \/>Ahora queremos ayudarte a mejorar el tuyo, po<\/strong>rque creemos que<strong> cada hogar merece vivir mejor.<\/strong><\/p>\t\t\t\t<\/div>\n\t\t\t\t\t<\/div>\n\t\t\t\t\t\t<\/div>\n\t\t\t\t<\/div>\n\t\t\t\t<div class=\"elementor-element elementor-element-ba73597 wd-width-100 elementor-widget elementor-widget-wd_title\" data-id=\"ba73597\" data-element_type=\"widget\" data-e-type=\"widget\" data-widget_type=\"wd_title.default\">\n\t\t\t\t<div class=\"elementor-widget-container\">\n\t\t\t\t\t\t\t<div class=\"title-wrapper wd-set-mb reset-last-child wd-title-color-default wd-title-style-default wd-title-size-small text-left\">\n\n\t\t\t\n\t\t\t<div class=\"liner-continer\">\n\t\t\t\t<h5 class=\"woodmart-title-container title wd-fontsize-m\">\u00bfPor qu\u00e9 preferirnos?<\/h5> \n\t\t\t\t\t\t\t<\/div>\n\n\t\t\t\t\t<\/div>\n\t\t\t\t\t\t<\/div>\n\t\t\t\t<\/div>\n\t\t\t\t<div class=\"elementor-element elementor-element-baeab4f wd-width-100 elementor-widget elementor-widget-wd_title\" data-id=\"baeab4f\" data-element_type=\"widget\" data-e-type=\"widget\" data-widget_type=\"wd_title.default\">\n\t\t\t\t<div class=\"elementor-widget-container\">\n\t\t\t\t\t\t\t<div class=\"title-wrapper wd-set-mb reset-last-child wd-title-color-default wd-title-style-default wd-title-size-default text-left\">\n\n\t\t\t\n\t\t\t<div class=\"liner-continer\">\n\t\t\t\t<h4 class=\"woodmart-title-container title wd-fontsize-l\">Experiencia y trayectoria<\/h4> \n\t\t\t\t\t\t\t<\/div>\n\n\t\t\t\t\t\t\t<div class=\"title-after_title reset-last-child wd-fontsize-xs\">\n\t\t\t\t\t<p>M\u00e1s de tres d\u00e9cadas acompa\u00f1ando a las familias colombianas.<\/p>\t\t\t\t<\/div>\n\t\t\t\t\t<\/div>\n\t\t\t\t\t\t<\/div>\n\t\t\t\t<\/div>\n\t\t\t\t<div class=\"elementor-element elementor-element-3d20835 wd-width-100 elementor-widget elementor-widget-wd_title\" data-id=\"3d20835\" data-element_type=\"widget\" data-e-type=\"widget\" data-widget_type=\"wd_title.default\">\n\t\t\t\t<div class=\"elementor-widget-container\">\n\t\t\t\t\t\t\t<div class=\"title-wrapper wd-set-mb reset-last-child wd-title-color-default wd-title-style-default wd-title-size-default text-left\">\n\n\t\t\t\n\t\t\t<div class=\"liner-continer\">\n\t\t\t\t<h4 class=\"woodmart-title-container title wd-fontsize-l\">Marcas l\u00edderes y respaldo t\u00e9cnico<\/h4> \n\t\t\t\t\t\t\t<\/div>\n\n\t\t\t\t\t\t\t<div class=\"title-after_title reset-last-child wd-fontsize-xs\">\n\t\t\t\t\t<p>Trabajamos con las mejores marcas nacionales e internacionales, garantizando calidad y soporte.<\/p>\t\t\t\t<\/div>\n\t\t\t\t\t<\/div>\n\t\t\t\t\t\t<\/div>\n\t\t\t\t<\/div>\n\t\t\t\t<div class=\"elementor-element elementor-element-d4d1d5c wd-width-100 elementor-widget elementor-widget-wd_title\" data-id=\"d4d1d5c\" data-element_type=\"widget\" data-e-type=\"widget\" data-widget_type=\"wd_title.default\">\n\t\t\t\t<div class=\"elementor-widget-container\">\n\t\t\t\t\t\t\t<div class=\"title-wrapper wd-set-mb reset-last-child wd-title-color-default wd-title-style-default wd-title-size-default text-left\">\n\n\t\t\t\n\t\t\t<div class=\"liner-continer\">\n\t\t\t\t<h4 class=\"woodmart-title-container title wd-fontsize-l\">Atenci\u00f3n cercana y personalizada<\/h4> \n\t\t\t\t\t\t\t<\/div>\n\n\t\t\t\t\t\t\t<div class=\"title-after_title reset-last-child wd-fontsize-xs\">\n\t\t\t\t\t<p>Cada cliente recibe el acompa\u00f1amiento que merece, desde la elecci\u00f3n del producto hasta el servicio posventa.<\/p>\t\t\t\t<\/div>\n\t\t\t\t\t<\/div>\n\t\t\t\t\t\t<\/div>\n\t\t\t\t<\/div>\n\t\t\t\t<div class=\"elementor-element elementor-element-9c10649 wd-width-100 elementor-widget elementor-widget-wd_title\" data-id=\"9c10649\" data-element_type=\"widget\" data-e-type=\"widget\" data-widget_type=\"wd_title.default\">\n\t\t\t\t<div class=\"elementor-widget-container\">\n\t\t\t\t\t\t\t<div class=\"title-wrapper wd-set-mb reset-last-child wd-title-color-default wd-title-style-default wd-title-size-default text-left\">\n\n\t\t\t\n\t\t\t<div class=\"liner-continer\">\n\t\t\t\t<h4 class=\"woodmart-title-container title wd-fontsize-l\">Cobertura y capacidad log\u00edstica<\/h4> \n\t\t\t\t\t\t\t<\/div>\n\n\t\t\t\t\t\t\t<div class=\"title-after_title reset-last-child wd-fontsize-xs\">\n\t\t\t\t\t<p>Entregamos a m\u00e1s de 300 municipios con procesos r\u00e1pidos a donde muchos otros no llegan.<\/p>\t\t\t\t<\/div>\n\t\t\t\t\t<\/div>\n\t\t\t\t\t\t<\/div>\n\t\t\t\t<\/div>\n\t\t\t\t<\/div>\n\t\t\t\t<\/div>\n\t\t<div class=\"elementor-element elementor-element-a7f8df2 e-con-full e-flex e-con e-child\" data-id=\"a7f8df2\" data-element_type=\"container\" data-e-type=\"container\">\n\t\t<div class=\"elementor-element elementor-element-fb7f6eb e-con-full e-flex e-con e-child\" data-id=\"fb7f6eb\" data-element_type=\"container\" data-e-type=\"container\" data-settings=\"{&quot;background_background&quot;:&quot;classic&quot;}\">\n\t\t\t\t<div class=\"elementor-element elementor-element-fe7e7f9 wd-width-100 elementor-widget elementor-widget-wd_title\" data-id=\"fe7e7f9\" data-element_type=\"widget\" data-e-type=\"widget\" data-widget_type=\"wd_title.default\">\n\t\t\t\t<div class=\"elementor-widget-container\">\n\t\t\t\t\t\t\t<div class=\"title-wrapper wd-set-mb reset-last-child wd-title-color-default wd-title-style-default wd-title-size-default text-center\">\n\n\t\t\t\n\t\t\t<div class=\"liner-continer\">\n\t\t\t\t<h4 class=\"woodmart-title-container title wd-fontsize-l\">\u00bfQuieres trabajar con nosotros?<\/h4> \n\t\t\t\t\t\t\t<\/div>\n\n\t\t\t\t\t<\/div>\n\t\t\t\t\t\t<\/div>\n\t\t\t\t<\/div>\n\t\t\t\t<div class=\"elementor-element elementor-element-8145dc5 elementor-widget elementor-widget-wd_text_block\" data-id=\"8145dc5\" data-element_type=\"widget\" data-e-type=\"widget\" data-widget_type=\"wd_text_block.default\">\n\t\t\t\t<div class=\"elementor-widget-container\">\n\t\t\t\t\t\t\t<div class=\"wd-text-block reset-last-child text-center\">\n\t\t\t\n\t\t\t<p>Post\u00falate y cu\u00e9ntanos sobre ti. Nos pondremos en contacto contigo para hablar sobre nuestra colaboraci\u00f3n con m\u00e1s detalle.<\/p>\n\t\t\t\t\t<\/div>\n\t\t\t\t\t\t<\/div>\n\t\t\t\t<\/div>\n\t\t\t\t<div class=\"elementor-element elementor-element-3a6ab59 elementor-align-center elementor-widget elementor-widget-button\" data-id=\"3a6ab59\" data-element_type=\"widget\" data-e-type=\"widget\" data-widget_type=\"button.default\">\n\t\t\t\t<div class=\"elementor-widget-container\">\n\t\t\t\t\t\t\t\t\t<div class=\"elementor-button-wrapper\">\n\t\t\t\t\t<a class=\"elementor-button elementor-button-link elementor-size-sm\" href=\"https:\/\/tiendaao.com\/Ecomerce\/trabaja-con-nosotros\/\">\n\t\t\t\t\t\t<span class=\"elementor-button-content-wrapper\">\n\t\t\t\t\t\t\t\t\t<span class=\"elementor-button-text\">Aplicar ahora<\/span>\n\t\t\t\t\t<\/span>\n\t\t\t\t\t<\/a>\n\t\t\t\t<\/div>\n\t\t\t\t\t\t\t\t<\/div>\n\t\t\t\t<\/div>\n\t\t\t\t<\/div>\n\t\t<div class=\"elementor-element elementor-element-84aba87 e-con-full e-flex e-con e-child\" data-id=\"84aba87\" data-element_type=\"container\" data-e-type=\"container\" data-settings=\"{&quot;background_background&quot;:&quot;classic&quot;}\">\n\t\t\t\t<div class=\"elementor-element elementor-element-0b464d3 wd-width-100 elementor-widget elementor-widget-wd_title\" data-id=\"0b464d3\" data-element_type=\"widget\" data-e-type=\"widget\" data-widget_type=\"wd_title.default\">\n\t\t\t\t<div class=\"elementor-widget-container\">\n\t\t\t\t\t\t\t<div class=\"title-wrapper wd-set-mb reset-last-child wd-title-color-default wd-title-style-default wd-title-size-default text-center\">\n\n\t\t\t\n\t\t\t<div class=\"liner-continer\">\n\t\t\t\t<h4 class=\"woodmart-title-container title wd-fontsize-l\">\u00bfNo encontraste lo que necesitas? Preguntanos<\/h4> \n\t\t\t\t\t\t\t<\/div>\n\n\t\t\t\t\t<\/div>\n\t\t\t\t\t\t<\/div>\n\t\t\t\t<\/div>\n\t\t\t\t<div class=\"elementor-element elementor-element-94dffa3 elementor-widget elementor-widget-wd_text_block\" data-id=\"94dffa3\" data-element_type=\"widget\" data-e-type=\"widget\" data-widget_type=\"wd_text_block.default\">\n\t\t\t\t<div class=\"elementor-widget-container\">\n\t\t\t\t\t\t\t<div class=\"wd-text-block reset-last-child text-center\">\n\t\t\t\n\t\t\t<p>Si no encontraste lo que necesitas y tienes dudas, cont\u00e1ctanos y trataremos de ayudarte.<\/p>\n\t\t\t\t\t<\/div>\n\t\t\t\t\t\t<\/div>\n\t\t\t\t<\/div>\n\t\t\t\t<div class=\"elementor-element elementor-element-0b8a97a elementor-align-center elementor-widget elementor-widget-button\" data-id=\"0b8a97a\" data-element_type=\"widget\" data-e-type=\"widget\" data-widget_type=\"button.default\">\n\t\t\t\t<div class=\"elementor-widget-container\">\n\t\t\t\t\t\t\t\t\t<div class=\"elementor-button-wrapper\">\n\t\t\t\t\t<a class=\"elementor-button elementor-button-link elementor-size-sm\" href=\"https:\/\/tiendaao.com\/Ecomerce\/contacto\/\">\n\t\t\t\t\t\t<span class=\"elementor-button-content-wrapper\">\n\t\t\t\t\t\t\t\t\t<span class=\"elementor-button-text\">Cont\u00e1ctenos<\/span>\n\t\t\t\t\t<\/span>\n\t\t\t\t\t<\/a>\n\t\t\t\t<\/div>\n\t\t\t\t\t\t\t\t<\/div>\n\t\t\t\t<\/div>\n\t\t\t\t<\/div>\n\t\t\t\t<\/div>\n\t\t\t\t<\/div>\n\t\t\t\t\t<\/div>\n\t\t\t\t<\/div>\n\t\t\t\t<\/div>\n\t\t","protected":false},"excerpt":{"rendered":"<p>Quienes somos Preguntas frecuentes Trabaja con nosotros Cont\u00e1ctanos \u00bfDonde estamos? Hablemos! (PQRSD) Consultar PQRSD Men\u00fa AO: Calidad de Vida para<\/p>\n","protected":false},"author":1,"featured_media":0,"parent":0,"menu_order":-90,"comment_status":"closed","ping_status":"closed","template":"","meta":{"_acf_changed":false,"_joinchat":[],"footnotes":""},"class_list":["post-2802","page","type-page","status-publish","hentry"],"acf":[],"_links":{"self":[{"href":"https:\/\/tiendaao.com\/Ecomerce\/wp-json\/wp\/v2\/pages\/2802","targetHints":{"allow":["GET"]}}],"collection":[{"href":"https:\/\/tiendaao.com\/Ecomerce\/wp-json\/wp\/v2\/pages"}],"about":[{"href":"https:\/\/tiendaao.com\/Ecomerce\/wp-json\/wp\/v2\/types\/page"}],"author":[{"embeddable":true,"href":"https:\/\/tiendaao.com\/Ecomerce\/wp-json\/wp\/v2\/users\/1"}],"replies":[{"embeddable":true,"href":"https:\/\/tiendaao.com\/Ecomerce\/wp-json\/wp\/v2\/comments?post=2802"}],"version-history":[{"count":22,"href":"https:\/\/tiendaao.com\/Ecomerce\/wp-json\/wp\/v2\/pages\/2802\/revisions"}],"predecessor-version":[{"id":23101,"href":"https:\/\/tiendaao.com\/Ecomerce\/wp-json\/wp\/v2\/pages\/2802\/revisions\/23101"}],"wp:attachment":[{"href":"https:\/\/tiendaao.com\/Ecomerce\/wp-json\/wp\/v2\/media?parent=2802"}],"curies":[{"name":"wp","href":"https:\/\/api.w.org\/{rel}","templated":true}]}}