{"id":2805,"date":"2025-01-14T12:02:44","date_gmt":"2025-01-14T12:02:44","guid":{"rendered":"https:\/\/dummy.xtemos.com\/woodmart2\/marketplace2-elementor\/?page_id=25"},"modified":"2025-09-09T16:54:39","modified_gmt":"2025-09-09T16:54:39","slug":"wishlist","status":"publish","type":"page","link":"https:\/\/tiendaao.com\/Ecomerce\/wishlist\/","title":{"rendered":"Favoritos"},"content":{"rendered":"\t\t<div data-elementor-type=\"wp-page\" data-elementor-id=\"2805\" class=\"elementor elementor-2805\" data-elementor-post-type=\"page\">\n\t\t\t\t<div class=\"wd-negative-gap elementor-element elementor-element-02bce28 e-flex e-con-boxed e-con e-parent\" data-id=\"02bce28\" data-element_type=\"container\" data-e-type=\"container\">\n\t\t\t\t\t<div class=\"e-con-inner\">\n\t\t\t\t<div class=\"elementor-element elementor-element-77d5a17 elementor-widget elementor-widget-wd_wishlist\" data-id=\"77d5a17\" data-element_type=\"widget\" data-e-type=\"widget\" data-widget_type=\"wd_wishlist.default\">\n\t\t\t\t<div class=\"elementor-widget-container\">\n\t\t\t\t\t\t\t\n\t\t\n\t\t<div class=\"\">\n\t\t\t\t\t\t<div class=\"wd-wishlist-content\">\n\t\t\t\t\t\t\t\t\t\t\t\n\t\t<p class=\"wd-empty-wishlist wd-empty-page\">\n\t\t\tA\u00fan no tienes favoritos\t\t<\/p>\n\n\t\t\t\t\t<div class=\"wd-empty-page-text\">\n\t\t\t\tA\u00fan no tienes productos agregados a tu lista de favoritos. Encontrar\u00e1s muchos productos en nuestra p\u00e1gina \"Tienda\"\t\t\t<\/div>\n\t\t\n\t\t\n\t\t\t\t\t<p class=\"return-to-shop\">\n\t\t\t\t<a class=\"button\" href=\"https:\/\/tiendaao.com\/Ecomerce\/tienda\/\">\n\t\t\t\t\tVolver a la tienda\t\t\t\t<\/a>\n\t\t\t<\/p>\n\t\t\t\t\t\t\t\t\t\t\t<\/div>\n\t\t\t\t<\/div>\n\t\t\t\t\t\t<\/div>\n\t\t\t\t<\/div>\n\t\t\t\t\t<\/div>\n\t\t\t\t<\/div>\n\t\t\t\t<\/div>\n\t\t","protected":false},"excerpt":{"rendered":"<p>Mi cuenta Escritorio Pedidos Descargas Direcci\u00f3n Detalles de la cuenta Favoritos Logout This wishlist is empty. A\u00fan no tienes productos<\/p>\n","protected":false},"author":1,"featured_media":0,"parent":0,"menu_order":0,"comment_status":"closed","ping_status":"closed","template":"","meta":{"_acf_changed":false,"_joinchat":[],"footnotes":""},"class_list":["post-2805","page","type-page","status-publish","hentry"],"acf":[],"_links":{"self":[{"href":"https:\/\/tiendaao.com\/Ecomerce\/wp-json\/wp\/v2\/pages\/2805","targetHints":{"allow":["GET"]}}],"collection":[{"href":"https:\/\/tiendaao.com\/Ecomerce\/wp-json\/wp\/v2\/pages"}],"about":[{"href":"https:\/\/tiendaao.com\/Ecomerce\/wp-json\/wp\/v2\/types\/page"}],"author":[{"embeddable":true,"href":"https:\/\/tiendaao.com\/Ecomerce\/wp-json\/wp\/v2\/users\/1"}],"replies":[{"embeddable":true,"href":"https:\/\/tiendaao.com\/Ecomerce\/wp-json\/wp\/v2\/comments?post=2805"}],"version-history":[{"count":3,"href":"https:\/\/tiendaao.com\/Ecomerce\/wp-json\/wp\/v2\/pages\/2805\/revisions"}],"predecessor-version":[{"id":5745,"href":"https:\/\/tiendaao.com\/Ecomerce\/wp-json\/wp\/v2\/pages\/2805\/revisions\/5745"}],"wp:attachment":[{"href":"https:\/\/tiendaao.com\/Ecomerce\/wp-json\/wp\/v2\/media?parent=2805"}],"curies":[{"name":"wp","href":"https:\/\/api.w.org\/{rel}","templated":true}]}}