{"id":4962,"date":"2025-08-15T01:09:01","date_gmt":"2025-08-15T01:09:01","guid":{"rendered":"https:\/\/dev.francoandpartners.com\/?page_id=4962"},"modified":"2026-03-09T15:00:06","modified_gmt":"2026-03-09T20:00:06","slug":"trabaja-con-nosotros","status":"publish","type":"page","link":"https:\/\/tiendaao.com\/Ecomerce\/trabaja-con-nosotros\/","title":{"rendered":"Trabaja con nosotros"},"content":{"rendered":"\t\t<div data-elementor-type=\"wp-page\" data-elementor-id=\"4962\" class=\"elementor elementor-4962\" data-elementor-post-type=\"page\">\n\t\t\t\t<div class=\"wd-negative-gap elementor-element elementor-element-b57c070 e-flex e-con-boxed e-con e-parent\" data-id=\"b57c070\" data-element_type=\"container\" data-e-type=\"container\">\n\t\t\t\t\t<div class=\"e-con-inner\">\n\t\t<div class=\"wd-sticky-container-lg elementor-element elementor-element-9bdabba e-con-full wd-col-offcanvas-md-sm wd-col-offcanvas-sm e-flex wd-alignment-left e-con e-child\" data-id=\"9bdabba\" data-element_type=\"container\" data-e-type=\"container\">\n\t\t\t\t<div class=\"elementor-element elementor-element-a0367b1 elementor-widget elementor-widget-wd_mega_menu\" data-id=\"a0367b1\" data-element_type=\"widget\" data-e-type=\"widget\" data-widget_type=\"wd_mega_menu.default\">\n\t\t\t\t<div class=\"elementor-widget-container\">\n\t\t\t\t\t\t\t<div class=\"wd-menu widget_nav_mega_menu\">\n\t\t\t\t\t\t<ul id=\"menu-menu-ao-apoyo\" class=\"menu wd-nav wd-nav-vertical wd-design-simple wd-gap-l\"><li id=\"menu-item-2841\" class=\"menu-item menu-item-type-post_type menu-item-object-page menu-item-2841 item-level-0 menu-simple-dropdown wd-event-hover\" ><a href=\"https:\/\/tiendaao.com\/Ecomerce\/quienes-somos\/\" class=\"woodmart-nav-link\"><span class=\"nav-link-text\">Quienes somos<\/span><\/a><\/li>\n<li id=\"menu-item-5272\" class=\"menu-item menu-item-type-post_type menu-item-object-page menu-item-5272 item-level-0 menu-simple-dropdown wd-event-hover\" ><a href=\"https:\/\/tiendaao.com\/Ecomerce\/preguntas-frecuentes\/\" class=\"woodmart-nav-link\"><span class=\"nav-link-text\">Preguntas frecuentes<\/span><\/a><\/li>\n<li id=\"menu-item-5273\" class=\"menu-item menu-item-type-post_type menu-item-object-page menu-item-5273 item-level-0 menu-simple-dropdown wd-event-hover\" ><a href=\"https:\/\/tiendaao.com\/Ecomerce\/trabaja-con-nosotros\/\" class=\"woodmart-nav-link\"><span class=\"nav-link-text\">Trabaja con nosotros<\/span><\/a><\/li>\n<li id=\"menu-item-5271\" class=\"menu-item menu-item-type-post_type menu-item-object-page menu-item-5271 item-level-0 menu-simple-dropdown wd-event-hover\" ><a href=\"https:\/\/tiendaao.com\/Ecomerce\/contacto\/\" class=\"woodmart-nav-link\"><span class=\"nav-link-text\">Cont\u00e1ctanos<\/span><\/a><\/li>\n<li id=\"menu-item-5367\" class=\"menu-item menu-item-type-post_type menu-item-object-page menu-item-5367 item-level-0 menu-simple-dropdown wd-event-hover\" ><a href=\"https:\/\/tiendaao.com\/Ecomerce\/donde-estamos\/\" class=\"woodmart-nav-link\"><span class=\"nav-link-text\">\u00bfDonde estamos?<\/span><\/a><\/li>\n<li id=\"menu-item-6498\" class=\"menu-item menu-item-type-post_type menu-item-object-page menu-item-6498 item-level-0 menu-simple-dropdown wd-event-hover\" ><a href=\"https:\/\/tiendaao.com\/Ecomerce\/hablemos\/\" class=\"woodmart-nav-link\"><span class=\"nav-link-text\">Hablemos! (PQRSD)<\/span><\/a><\/li>\n<li id=\"menu-item-6499\" class=\"menu-item menu-item-type-post_type menu-item-object-page menu-item-6499 item-level-0 menu-simple-dropdown wd-event-hover\" ><a href=\"https:\/\/tiendaao.com\/Ecomerce\/consultar-pqr\/\" class=\"woodmart-nav-link\"><span class=\"nav-link-text\">Consultar PQRSD<\/span><\/a><\/li>\n<\/ul>\t\t<\/div>\n\t\t\t\t\t\t<\/div>\n\t\t\t\t<\/div>\n\t\t\t\t<\/div>\n\t\t<div class=\"elementor-element elementor-element-26b6623 e-con-full wd-col-content-md-sm wd-col-content-sm e-flex e-con e-child\" data-id=\"26b6623\" data-element_type=\"container\" data-e-type=\"container\">\n\t\t<div class=\"elementor-element elementor-element-99fb623 e-con-full e-flex e-con e-child\" data-id=\"99fb623\" data-element_type=\"container\" data-e-type=\"container\">\n\t\t\t\t<div class=\"elementor-element elementor-element-57e68c6 elementor-hidden-desktop elementor-widget elementor-widget-wd_builder_off_canvas_column_btn\" data-id=\"57e68c6\" data-element_type=\"widget\" data-e-type=\"widget\" data-settings=\"{&quot;sticky&quot;:&quot;yes&quot;,&quot;sticky_on&quot;:[&quot;desktop&quot;,&quot;tablet&quot;,&quot;mobile&quot;],&quot;sticky_offset&quot;:0,&quot;sticky_effects_offset&quot;:0,&quot;sticky_anchor_link_offset&quot;:0}\" data-widget_type=\"wd_builder_off_canvas_column_btn.default\">\n\t\t\t\t<div class=\"elementor-widget-container\">\n\t\t\t\t\t\n\t\t<div class=\"wd-off-canvas-btn wd-action-btn wd-style-text wd-burger-icon\">\n\t\t\t<a href=\"#\" rel=\"nofollow\">\n\t\t\t\t\t\t\t\tMen\u00fa\t\t\t<\/a>\n\t\t<\/div>\n\n\t\t\t\t\t<div class=\"wd-sidebar-opener wd-show-on-scroll wd-action-btn wd-style-icon wd-burger-icon\">\n\t\t\t\t<a href=\"#\" rel=\"nofollow\">\n\t\t\t\t\t\t\t\t\t<\/a>\n\t\t\t<\/div>\n\t\t\t\t\t\t\t\t<\/div>\n\t\t\t\t<\/div>\n\t\t\t\t<\/div>\n\t\t<div class=\"elementor-element elementor-element-b0b917d e-con-full e-flex e-con e-child\" data-id=\"b0b917d\" data-element_type=\"container\" data-e-type=\"container\">\n\t\t<div class=\"elementor-element elementor-element-73ff12f e-con-full e-flex e-con e-child\" data-id=\"73ff12f\" data-element_type=\"container\" data-e-type=\"container\" data-settings=\"{&quot;background_background&quot;:&quot;classic&quot;}\">\n\t\t\t\t<div class=\"elementor-element elementor-element-c9670e1 wd-width-100 elementor-widget elementor-widget-wd_title\" data-id=\"c9670e1\" data-element_type=\"widget\" data-e-type=\"widget\" data-widget_type=\"wd_title.default\">\n\t\t\t\t<div class=\"elementor-widget-container\">\n\t\t\t\t\t\t\t<div class=\"title-wrapper wd-set-mb reset-last-child wd-title-color-default wd-title-style-default wd-title-size-default text-center\">\n\n\t\t\t\n\t\t\t<div class=\"liner-continer\">\n\t\t\t\t<h4 class=\"woodmart-title-container title wd-fontsize-l\">\u00bfQuieres trabajar con nosotros?<\/h4> \n\t\t\t\t\t\t\t<\/div>\n\n\t\t\t\t\t<\/div>\n\t\t\t\t\t\t<\/div>\n\t\t\t\t<\/div>\n\t\t\t\t<div class=\"elementor-element elementor-element-1613636 elementor-widget elementor-widget-wd_text_block\" data-id=\"1613636\" data-element_type=\"widget\" data-e-type=\"widget\" data-widget_type=\"wd_text_block.default\">\n\t\t\t\t<div class=\"elementor-widget-container\">\n\t\t\t\t\t\t\t<div class=\"wd-text-block reset-last-child text-left\">\n\t\t\t\n\t\t\t<h3>El activo m\u00e1s valioso que existe en AO Calidad de Vida es el cliente, a trav\u00e9s de nuestro equipo de talento humano le servimos y brindamos siempre la atenci\u00f3n oportuna en cada una de las necesidades de nuestros clientes.<\/h3><h3><strong>Env\u00edanos tu hoja de vida, siempre estamos en busca de gente talentosa como t\u00fa.<\/strong><\/h3>\n\t\t\t\t\t<\/div>\n\t\t\t\t\t\t<\/div>\n\t\t\t\t<\/div>\n\t\t\t\t<\/div>\n\t\t<div class=\"elementor-element elementor-element-8d1b0d2 e-con-full e-flex e-con e-child\" data-id=\"8d1b0d2\" data-element_type=\"container\" data-e-type=\"container\" data-settings=\"{&quot;background_background&quot;:&quot;classic&quot;}\">\n\t\t\t\t<div class=\"elementor-element elementor-element-ccbbda5 wd-width-100 elementor-widget elementor-widget-wd_title\" data-id=\"ccbbda5\" data-element_type=\"widget\" data-e-type=\"widget\" data-widget_type=\"wd_title.default\">\n\t\t\t\t<div class=\"elementor-widget-container\">\n\t\t\t\t\t\t\t<div class=\"title-wrapper wd-set-mb reset-last-child wd-title-color-default wd-title-style-default wd-title-size-default text-center\">\n\n\t\t\t\n\t\t\t<div class=\"liner-continer\">\n\t\t\t\t<h4 class=\"woodmart-title-container title wd-fontsize-l\">Diligencia los siguientes datos:<\/h4> \n\t\t\t\t\t\t\t<\/div>\n\n\t\t\t\t\t<\/div>\n\t\t\t\t\t\t<\/div>\n\t\t\t\t<\/div>\n\t\t\t\t<div class=\"elementor-element elementor-element-a736d59 trabaja_con_nosotros elementor-button-align-stretch elementor-widget elementor-widget-form\" data-id=\"a736d59\" data-element_type=\"widget\" data-e-type=\"widget\" data-settings=\"{&quot;step_next_label&quot;:&quot;Siguiente&quot;,&quot;step_previous_label&quot;:&quot;Anterior&quot;,&quot;button_width&quot;:&quot;100&quot;,&quot;step_type&quot;:&quot;number_text&quot;,&quot;step_icon_shape&quot;:&quot;circle&quot;}\" data-widget_type=\"form.default\">\n\t\t\t\t<div class=\"elementor-widget-container\">\n\t\t\t\t\t\t\t<form class=\"elementor-form\" method=\"post\" name=\"New Form\" aria-label=\"New Form\">\n\t\t\t<input type=\"hidden\" name=\"post_id\" value=\"4962\"\/>\n\t\t\t<input type=\"hidden\" name=\"form_id\" value=\"a736d59\"\/>\n\t\t\t<input type=\"hidden\" name=\"referer_title\" value=\"Trabaja con nosotrosTienda AO\" \/>\n\n\t\t\t\t\t\t\t<input type=\"hidden\" name=\"queried_id\" value=\"4962\"\/>\n\t\t\t\n\t\t\t<div class=\"elementor-form-fields-wrapper elementor-labels-above\">\n\t\t\t\t\t\t\t\t<div class=\"elementor-field-type-text elementor-field-group elementor-column elementor-field-group-name elementor-col-50 elementor-field-required elementor-mark-required\">\n\t\t\t\t\t\t\t\t\t\t\t\t<label for=\"form-field-name\" class=\"elementor-field-label\">\n\t\t\t\t\t\t\t\tNombres\t\t\t\t\t\t\t<\/label>\n\t\t\t\t\t\t\t\t\t\t\t\t\t\t<input size=\"1\" type=\"text\" name=\"form_fields[name]\" id=\"form-field-name\" class=\"elementor-field elementor-size-sm  elementor-field-textual\" placeholder=\"Nombres\" required=\"required\">\n\t\t\t\t\t\t\t\t\t\t\t<\/div>\n\t\t\t\t\t\t\t\t<div class=\"elementor-field-type-text elementor-field-group elementor-column elementor-field-group-email elementor-col-50 elementor-field-required elementor-mark-required\">\n\t\t\t\t\t\t\t\t\t\t\t\t<label for=\"form-field-email\" class=\"elementor-field-label\">\n\t\t\t\t\t\t\t\tApellidos\t\t\t\t\t\t\t<\/label>\n\t\t\t\t\t\t\t\t\t\t\t\t\t\t<input size=\"1\" type=\"text\" name=\"form_fields[email]\" id=\"form-field-email\" class=\"elementor-field elementor-size-sm  elementor-field-textual\" placeholder=\"Apellidos\" required=\"required\">\n\t\t\t\t\t\t\t\t\t\t\t<\/div>\n\t\t\t\t\t\t\t\t<div class=\"elementor-field-type-text elementor-field-group elementor-column elementor-field-group-message elementor-col-50 elementor-field-required elementor-mark-required\">\n\t\t\t\t\t\t\t\t\t\t\t\t<label for=\"form-field-message\" class=\"elementor-field-label\">\n\t\t\t\t\t\t\t\tTel\u00e9fono\t\t\t\t\t\t\t<\/label>\n\t\t\t\t\t\t\t\t\t\t\t\t\t\t<input size=\"1\" type=\"text\" name=\"form_fields[message]\" id=\"form-field-message\" class=\"elementor-field elementor-size-sm  elementor-field-textual\" placeholder=\"Tel\u00e9fono\" required=\"required\">\n\t\t\t\t\t\t\t\t\t\t\t<\/div>\n\t\t\t\t\t\t\t\t<div class=\"elementor-field-type-email elementor-field-group elementor-column elementor-field-group-field_f7d75df elementor-col-50 elementor-field-required elementor-mark-required\">\n\t\t\t\t\t\t\t\t\t\t\t\t<label for=\"form-field-field_f7d75df\" class=\"elementor-field-label\">\n\t\t\t\t\t\t\t\tCorreo el\u00e9ctronico\t\t\t\t\t\t\t<\/label>\n\t\t\t\t\t\t\t\t\t\t\t\t\t\t<input size=\"1\" type=\"email\" name=\"form_fields[field_f7d75df]\" id=\"form-field-field_f7d75df\" class=\"elementor-field elementor-size-sm  elementor-field-textual\" placeholder=\"tucorreo@dominio.com\" required=\"required\">\n\t\t\t\t\t\t\t\t\t\t\t<\/div>\n\t\t\t\t\t\t\t\t<div class=\"elementor-field-type-select elementor-field-group elementor-column elementor-field-group-trb_departamento_field elementor-col-50 elementor-field-required elementor-mark-required\">\n\t\t\t\t\t\t\t\t\t\t\t\t<label for=\"form-field-trb_departamento_field\" class=\"elementor-field-label\">\n\t\t\t\t\t\t\t\tDepartamento\t\t\t\t\t\t\t<\/label>\n\t\t\t\t\t\t\t\t<div class=\"elementor-field elementor-select-wrapper remove-before \">\n\t\t\t<div class=\"select-caret-down-wrapper\">\n\t\t\t\t<svg aria-hidden=\"true\" class=\"e-font-icon-svg e-eicon-caret-down\" viewBox=\"0 0 571.4 571.4\" xmlns=\"http:\/\/www.w3.org\/2000\/svg\"><path d=\"M571 393Q571 407 561 418L311 668Q300 679 286 679T261 668L11 418Q0 407 0 393T11 368 36 357H536Q550 357 561 368T571 393Z\"><\/path><\/svg>\t\t\t<\/div>\n\t\t\t<select name=\"form_fields[trb_departamento_field]\" id=\"form-field-trb_departamento_field\" class=\"elementor-field-textual elementor-size-sm\" required=\"required\">\n\t\t\t\t\t\t\t\t\t<option value=\"\"><\/option>\n\t\t\t\t\t\t\t<\/select>\n\t\t<\/div>\n\t\t\t\t\t\t<\/div>\n\t\t\t\t\t\t\t\t<div class=\"elementor-field-type-select elementor-field-group elementor-column elementor-field-group-trb_ciudad_field elementor-col-50 elementor-field-required elementor-mark-required\">\n\t\t\t\t\t\t\t\t\t\t\t\t<label for=\"form-field-trb_ciudad_field\" class=\"elementor-field-label\">\n\t\t\t\t\t\t\t\tCiudad\t\t\t\t\t\t\t<\/label>\n\t\t\t\t\t\t\t\t<div class=\"elementor-field elementor-select-wrapper remove-before \">\n\t\t\t<div class=\"select-caret-down-wrapper\">\n\t\t\t\t<svg aria-hidden=\"true\" class=\"e-font-icon-svg e-eicon-caret-down\" viewBox=\"0 0 571.4 571.4\" xmlns=\"http:\/\/www.w3.org\/2000\/svg\"><path d=\"M571 393Q571 407 561 418L311 668Q300 679 286 679T261 668L11 418Q0 407 0 393T11 368 36 357H536Q550 357 561 368T571 393Z\"><\/path><\/svg>\t\t\t<\/div>\n\t\t\t<select name=\"form_fields[trb_ciudad_field]\" id=\"form-field-trb_ciudad_field\" class=\"elementor-field-textual elementor-size-sm\" required=\"required\">\n\t\t\t\t\t\t\t\t\t<option value=\"\"><\/option>\n\t\t\t\t\t\t\t<\/select>\n\t\t<\/div>\n\t\t\t\t\t\t<\/div>\n\t\t\t\t\t\t\t\t<div class=\"elementor-field-type-select elementor-field-group elementor-column elementor-field-group-field_41e16d7 elementor-col-50 elementor-field-required elementor-mark-required\">\n\t\t\t\t\t\t\t\t\t\t\t\t<label for=\"form-field-field_41e16d7\" class=\"elementor-field-label\">\n\t\t\t\t\t\t\t\tArea de experiencia\t\t\t\t\t\t\t<\/label>\n\t\t\t\t\t\t\t\t<div class=\"elementor-field elementor-select-wrapper remove-before \">\n\t\t\t<div class=\"select-caret-down-wrapper\">\n\t\t\t\t<svg aria-hidden=\"true\" class=\"e-font-icon-svg e-eicon-caret-down\" viewBox=\"0 0 571.4 571.4\" xmlns=\"http:\/\/www.w3.org\/2000\/svg\"><path d=\"M571 393Q571 407 561 418L311 668Q300 679 286 679T261 668L11 418Q0 407 0 393T11 368 36 357H536Q550 357 561 368T571 393Z\"><\/path><\/svg>\t\t\t<\/div>\n\t\t\t<select name=\"form_fields[field_41e16d7]\" id=\"form-field-field_41e16d7\" class=\"elementor-field-textual elementor-size-sm\" required=\"required\">\n\t\t\t\t\t\t\t\t\t<option value=\"Administrativo\">Administrativo<\/option>\n\t\t\t\t\t\t\t\t\t<option value=\"Contabilidad\">Contabilidad<\/option>\n\t\t\t\t\t\t\t\t\t<option value=\"Cr\u00e9dito\">Cr\u00e9dito<\/option>\n\t\t\t\t\t\t\t\t\t<option value=\"Gesti\u00f3n humana\">Gesti\u00f3n humana<\/option>\n\t\t\t\t\t\t\t\t\t<option value=\"Log\u00edstica\">Log\u00edstica<\/option>\n\t\t\t\t\t\t\t\t\t<option value=\"Mercadeo\">Mercadeo<\/option>\n\t\t\t\t\t\t\t\t\t<option value=\"Ventas\">Ventas<\/option>\n\t\t\t\t\t\t\t\t\t<option value=\"Otros\">Otros<\/option>\n\t\t\t\t\t\t\t<\/select>\n\t\t<\/div>\n\t\t\t\t\t\t<\/div>\n\t\t\t\t\t\t\t\t<div class=\"elementor-field-type-text elementor-field-group elementor-column elementor-field-group-field_c94fb18 elementor-col-50 elementor-field-required elementor-mark-required\">\n\t\t\t\t\t\t\t\t\t\t\t\t<label for=\"form-field-field_c94fb18\" class=\"elementor-field-label\">\n\t\t\t\t\t\t\t\tCargo al que aspira\t\t\t\t\t\t\t<\/label>\n\t\t\t\t\t\t\t\t\t\t\t\t\t\t<input size=\"1\" type=\"text\" name=\"form_fields[field_c94fb18]\" id=\"form-field-field_c94fb18\" class=\"elementor-field elementor-size-sm  elementor-field-textual\" placeholder=\"Cargo al que aspira\" required=\"required\">\n\t\t\t\t\t\t\t\t\t\t\t<\/div>\n\t\t\t\t\t\t\t\t<div class=\"elementor-field-type-upload elementor-field-group elementor-column elementor-field-group-field_573a2a8 elementor-col-50 elementor-field-required elementor-mark-required\">\n\t\t\t\t\t\t\t\t\t\t\t\t<label for=\"form-field-field_573a2a8\" class=\"elementor-field-label\">\n\t\t\t\t\t\t\t\tAdjuntar Hoja de vida\t\t\t\t\t\t\t<\/label>\n\t\t\t\t\t\t\t\t<input type=\"file\" name=\"form_fields[field_573a2a8]\" id=\"form-field-field_573a2a8\" class=\"elementor-field elementor-size-sm  elementor-upload-field\" required=\"required\" data-maxsize=\"15\" data-maxsize-message=\"This file exceeds the maximum allowed size.\">\n\n\t\t\t\t\t\t<\/div>\n\t\t\t\t\t\t\t\t<div class=\"elementor-field-type-text\">\n\t\t\t\t\t<input size=\"1\" type=\"text\" name=\"form_fields[campo_trampa]\" id=\"form-field-campo_trampa\" class=\"elementor-field elementor-size-sm \" style=\"display:none !important;\">\t\t\t\t<\/div>\n\t\t\t\t\t\t\t\t<div class=\"elementor-field-group elementor-column elementor-field-type-submit elementor-col-100 e-form__buttons\">\n\t\t\t\t\t<button class=\"elementor-button elementor-size-sm\" type=\"submit\">\n\t\t\t\t\t\t<span class=\"elementor-button-content-wrapper\">\n\t\t\t\t\t\t\t\t\t\t\t\t\t\t\t\t\t\t\t\t\t\t<span class=\"elementor-button-text\">Enviar<\/span>\n\t\t\t\t\t\t\t\t\t\t\t\t\t<\/span>\n\t\t\t\t\t<\/button>\n\t\t\t\t<\/div>\n\t\t\t<\/div>\n\t\t<\/form>\n\t\t\t\t\t\t<\/div>\n\t\t\t\t<\/div>\n\t\t\t\t<div class=\"elementor-element elementor-element-19753be elementor-widget elementor-widget-html\" data-id=\"19753be\" data-element_type=\"widget\" data-e-type=\"widget\" data-widget_type=\"html.default\">\n\t\t\t\t<div class=\"elementor-widget-container\">\n\t\t\t\t\t<script>\n    document.addEventListener('DOMContentLoaded', function() {\n    \/\/ Localizamos el formulario por la clase que me diste\n    const formulario = document.querySelector('.trabaja_con_nosotros form');\n\n    if (formulario) {\n        formulario.addEventListener('submit', function(e) {\n            \/\/ Buscamos el valor del campo trampa por su ID\n            const honeypot = formulario.querySelector('#form-field-campo_trampa');\n\n            if (honeypot && honeypot.value !== \"\") {\n                \/\/ Si el campo tiene algo, es un bot.\n                e.preventDefault(); \/\/ Detenemos el env\u00edo\n                e.stopPropagation();\n                console.log(\"Spam detectado. Env\u00edo cancelado.\");\n                \/\/ Opcional: Mostrar un mensaje falso de \u00e9xito para enga\u00f1ar al bot\n                alert(\"Formulario enviado correctamente\"); \n            }\n        });\n    }\n});\n<\/script>\t\t\t\t<\/div>\n\t\t\t\t<\/div>\n\t\t\t\t<div class=\"elementor-element elementor-element-11c3987 elementor-widget elementor-widget-html\" data-id=\"11c3987\" data-element_type=\"widget\" data-e-type=\"widget\" data-widget_type=\"html.default\">\n\t\t\t\t<div class=\"elementor-widget-container\">\n\t\t\t\t\t<script>\r\ntry {\r\n    window.addEventListener('load', function() {\r\n\r\n        console.log(\"SCRIPT DEPARTAMENTOS v4 (Final): Iniciado.\");\r\n\r\n        \/\/ --- 1. DATOS ---\r\n        const colombiaData = {\r\n    \"Atl\u00e1ntico\": [\r\n        \"Barranquilla\",\r\n        \"Malambo\",\r\n        \"Sabanalarga\",\r\n        \"Baranoa\",\r\n        \"Galapa\",\r\n        \"Santo Tomas\",\r\n        \"Sabanagrande\"\r\n    ],\r\n    \"Bogot\u00e1 D.C.\": [\r\n        \"Bogot\u00e1\"\r\n    ],\r\n    \"Bol\u00edvar\": [\r\n        \"Cartagena\",\r\n        \"Arjona\",\r\n        \"Turbaco\",\r\n        \"Maria la Baja\"\r\n    ],\r\n    \"Cesar\": [\r\n        \"Bosconia\",\r\n        \"La loma\",\r\n        \"Copey\",\r\n        \"Astrea\",\r\n        \"Curuman\u00ed\",\r\n        \"Pailitas\",\r\n        \"Chiriguan\u00e1\",\r\n        \"Pelaya\",\r\n        \"Valledupar\",\r\n        \"Codazzi\",\r\n        \"Becerril\",\r\n        \"La Jagua\",\r\n        \"Aguachica\",\r\n        \"San mart\u00edn\"\r\n    ],\r\n    \"Cundinamarca\": [\r\n        \"Soacha\"\r\n    ],\r\n    \"La Guajira\": [\r\n        \"Riohacha\",\r\n        \"Villanueva\",\r\n        \"San Juan\"\r\n    ],\r\n    \"Magdalena\": [\r\n        \"Santa Marta\",\r\n        \"Cienaga\",\r\n        \"Rio Frio\",\r\n        \"Fundaci\u00f3n\",\r\n        \"Orihueca\",\r\n        \"Guacamayal\",\r\n        \"Aracataca\",\r\n        \"Reten\",\r\n        \"Pivijay\",\r\n        \"El Dificil\",\r\n        \"El Banco\",\r\n        \"Plato\",\r\n        \"Santa Ana\"\r\n    ],\r\n    \"Norte de Santander\": [\r\n        \"Oca\u00f1a\"\r\n    ],\r\n    \"Santander\": [\r\n        \"Bucaramanga\",\r\n        \"Giron\"\r\n    ]\r\n}\r\n\r\n        \/\/ --- 2. SELECCIONAR CAMPOS (USANDO EL ID REAL) ---\r\n        \/\/ CORRECCI\u00d3N: Usamos el ID exacto que Elementor genera.\r\n        const departamentoSelect = document.querySelector('#form-field-trb_departamento_field');\r\n        const ciudadSelect = document.querySelector('#form-field-trb_ciudad_field');\r\n\r\n        \/\/ --- Diagn\u00f3stico ---\r\n        if (!departamentoSelect) {\r\n            console.error(\"Error: No se encontr\u00f3 el campo con ID #form-field-departamento_field\");\r\n            return;\r\n        }\r\n        if (!ciudadSelect) {\r\n            console.error(\"Error: No se encontr\u00f3 el campo con ID #form-field-ciudad_field\");\r\n            return;\r\n        }\r\n        console.log(\"\u00a1\u00c9XITO! Se encontraron los campos correctos. La magia deber\u00eda suceder ahora.\");\r\n\r\n        \/\/ --- 3. FUNCIONES ---\r\n        function poblarDepartamentos() {\r\n            const departamentos = Object.keys(colombiaData).sort();\r\n            departamentoSelect.innerHTML = '<option value=\"\">Selecciona un departamento...<\/option>';\r\n            departamentos.forEach(depto => {\r\n                departamentoSelect.innerHTML += `<option value=\"${depto}\">${depto}<\/option>`;\r\n            });\r\n        }\r\n\r\n        function actualizarCiudades() {\r\n            const departamentoSeleccionado = departamentoSelect.value;\r\n            ciudadSelect.innerHTML = '';\r\n            ciudadSelect.disabled = true;\r\n\r\n            if (departamentoSeleccionado) {\r\n                const ciudades = colombiaData[departamentoSeleccionado].sort();\r\n                ciudadSelect.innerHTML = '<option value=\"\">Selecciona una ciudad...<\/option>';\r\n                ciudades.forEach(ciudad => {\r\n                    ciudadSelect.innerHTML += `<option value=\"${ciudad}\">${ciudad}<\/option>`;\r\n                });\r\n                ciudadSelect.disabled = false;\r\n            } else {\r\n                ciudadSelect.innerHTML = '<option value=\"\">Primero elige un departamento<\/option>';\r\n            }\r\n        }\r\n\r\n        \/\/ --- 4. INICIALIZACI\u00d3N ---\r\n        poblarDepartamentos();\r\n        actualizarCiudades();\r\n        departamentoSelect.addEventListener('change', actualizarCiudades);\r\n    });\r\n} catch (error) {\r\n    console.error(\"ERROR GENERAL EN EL SCRIPT:\", error);\r\n}\r\n<\/script>\t\t\t\t<\/div>\n\t\t\t\t<\/div>\n\t\t\t\t<\/div>\n\t\t\t\t<\/div>\n\t\t\t\t<\/div>\n\t\t\t\t\t<\/div>\n\t\t\t\t<\/div>\n\t\t\t\t<\/div>\n\t\t","protected":false},"excerpt":{"rendered":"<p>Quienes somos Preguntas frecuentes Trabaja con nosotros Cont\u00e1ctanos \u00bfDonde estamos? Hablemos! (PQRSD) Consultar PQR Men\u00fa \u00bfQuieres trabajar con nosotros? El<\/p>\n","protected":false},"author":1,"featured_media":0,"parent":0,"menu_order":0,"comment_status":"closed","ping_status":"closed","template":"elementor_header_footer","meta":{"_acf_changed":false,"_joinchat":[],"footnotes":""},"class_list":["post-4962","page","type-page","status-publish","hentry"],"acf":[],"_links":{"self":[{"href":"https:\/\/tiendaao.com\/Ecomerce\/wp-json\/wp\/v2\/pages\/4962","targetHints":{"allow":["GET"]}}],"collection":[{"href":"https:\/\/tiendaao.com\/Ecomerce\/wp-json\/wp\/v2\/pages"}],"about":[{"href":"https:\/\/tiendaao.com\/Ecomerce\/wp-json\/wp\/v2\/types\/page"}],"author":[{"embeddable":true,"href":"https:\/\/tiendaao.com\/Ecomerce\/wp-json\/wp\/v2\/users\/1"}],"replies":[{"embeddable":true,"href":"https:\/\/tiendaao.com\/Ecomerce\/wp-json\/wp\/v2\/comments?post=4962"}],"version-history":[{"count":24,"href":"https:\/\/tiendaao.com\/Ecomerce\/wp-json\/wp\/v2\/pages\/4962\/revisions"}],"predecessor-version":[{"id":8264,"href":"https:\/\/tiendaao.com\/Ecomerce\/wp-json\/wp\/v2\/pages\/4962\/revisions\/8264"}],"wp:attachment":[{"href":"https:\/\/tiendaao.com\/Ecomerce\/wp-json\/wp\/v2\/media?parent=4962"}],"curies":[{"name":"wp","href":"https:\/\/api.w.org\/{rel}","templated":true}]}}