{"id":23081,"date":"2026-03-13T11:10:07","date_gmt":"2026-03-13T16:10:07","guid":{"rendered":"https:\/\/tiendaao.com\/Ecomerce\/producto\/lavadora-automatica-propela-14-kg-mabe-lma4120wdgab0\/"},"modified":"2026-04-05T00:09:07","modified_gmt":"2026-04-05T05:09:07","slug":"lavadora-automatica-propela-14-kg-mabe-lma4120wdgab0","status":"publish","type":"product","link":"https:\/\/tiendaao.com\/Ecomerce\/producto\/lavadora-automatica-propela-14-kg-mabe-lma4120wdgab0\/","title":{"rendered":"Lavadora Autom\u00e1tica Propela 14 Kg Mabe | LMA4120WDGAB0"},"content":{"rendered":"<p>Lava y seca hasta 12 kg de ropa con tecnolog\u00eda Safe &amp; Clean antibacterial y filtro ZeroFuzz que atrapa m\u00e1s pelusas. Incluye panel digital, 9 ciclos autom\u00e1ticos, inicio programado y canasta de acero inoxidable para un lavado eficiente y cuidado. Compra aqu\u00ed y equ\u00edpala con calidad Mabe.<\/p>\n","protected":false},"excerpt":{"rendered":"<ul>\n<li>Tapa amortiguada de vidrio con ranuras<br \/>\nAir Vent +<\/li>\n<li>Canasta de acero inoxidable Clean Care<\/li>\n<li>Doble filtro ZeroFuzz<\/li>\n<li>Display LED<\/li>\n<li>Panel digital<\/li>\n<\/ul>\n","protected":false},"featured_media":6701,"comment_status":"open","ping_status":"closed","template":"","meta":{"_acf_changed":false,"_joinchat":[]},"product_brand":[789],"product_cat":[597,630],"product_tag":[1653,1648,1652,1650,1647,1651,1654,1655,1649,1568],"class_list":{"0":"post-23081","1":"product","2":"type-product","3":"status-publish","4":"has-post-thumbnail","6":"product_brand-3-mabe","7":"product_cat-electrohogar","8":"product_cat-lavado","9":"product_tag-comprar-lavadora-mabe","10":"product_tag-lavadora-automatica-mabe-14-kg","11":"product_tag-lavadora-eficiente-colombia","12":"product_tag-lavadora-gran-capacidad-14-kg","13":"product_tag-lavadora-hogar-mabe","14":"product_tag-lavadora-mabe-color-gris","15":"product_tag-lavadora-mabe-precio","16":"product_tag-lavadora-moderna-mabe","17":"product_tag-lavarropas-propela-mabe","18":"product_tag-tienda-ao-electrodomesticos","20":"first","21":"instock","22":"featured","23":"shipping-taxable","24":"purchasable","25":"product-type-simple"},"acf":[],"_links":{"self":[{"href":"https:\/\/tiendaao.com\/Ecomerce\/wp-json\/wp\/v2\/product\/23081","targetHints":{"allow":["GET"]}}],"collection":[{"href":"https:\/\/tiendaao.com\/Ecomerce\/wp-json\/wp\/v2\/product"}],"about":[{"href":"https:\/\/tiendaao.com\/Ecomerce\/wp-json\/wp\/v2\/types\/product"}],"replies":[{"embeddable":true,"href":"https:\/\/tiendaao.com\/Ecomerce\/wp-json\/wp\/v2\/comments?post=23081"}],"version-history":[{"count":1,"href":"https:\/\/tiendaao.com\/Ecomerce\/wp-json\/wp\/v2\/product\/23081\/revisions"}],"predecessor-version":[{"id":23083,"href":"https:\/\/tiendaao.com\/Ecomerce\/wp-json\/wp\/v2\/product\/23081\/revisions\/23083"}],"wp:featuredmedia":[{"embeddable":true,"href":"https:\/\/tiendaao.com\/Ecomerce\/wp-json\/wp\/v2\/media\/6701"}],"wp:attachment":[{"href":"https:\/\/tiendaao.com\/Ecomerce\/wp-json\/wp\/v2\/media?parent=23081"}],"wp:term":[{"taxonomy":"product_brand","embeddable":true,"href":"https:\/\/tiendaao.com\/Ecomerce\/wp-json\/wp\/v2\/product_brand?post=23081"},{"taxonomy":"product_cat","embeddable":true,"href":"https:\/\/tiendaao.com\/Ecomerce\/wp-json\/wp\/v2\/product_cat?post=23081"},{"taxonomy":"product_tag","embeddable":true,"href":"https:\/\/tiendaao.com\/Ecomerce\/wp-json\/wp\/v2\/product_tag?post=23081"}],"curies":[{"name":"wp","href":"https:\/\/api.w.org\/{rel}","templated":true}]}}