{"id":23087,"date":"2026-03-13T11:38:04","date_gmt":"2026-03-13T16:38:04","guid":{"rendered":"https:\/\/tiendaao.com\/Ecomerce\/producto\/smart-tv-55-4k-hyundai-roku-hyled5527r4km\/"},"modified":"2026-03-13T16:14:38","modified_gmt":"2026-03-13T21:14:38","slug":"smart-tv-55-4k-hyundai-roku-hyled5527r4km","status":"publish","type":"product","link":"https:\/\/tiendaao.com\/Ecomerce\/producto\/smart-tv-55-4k-hyundai-roku-hyled5527r4km\/","title":{"rendered":"Smart Tv 55&#8243; 4K Hyundai Roku | HYLED5527R4KM"},"content":{"rendered":"<p>Disfruta una experiencia de entretenimiento superior con el Smart TV Hyundai 55&#8243; 4K UHD. Su sistema operativo Roku TV te da acceso f\u00e1cil a tus apps favoritas como Netflix. YouTube y Disney+. Con imagen n\u00edtida. colores vibrantes y sonido envolvente. este televisor transforma tu hogar en un verdadero cine. Adem\u00e1s. cuenta con conexi\u00f3n WiFi. 3 puertos HDMI.<\/p>\n","protected":false},"excerpt":{"rendered":"<ul>\n<li>Pantalla LED 55&#8243; 4K UHD.<\/li>\n<li>Sistema operativo Roku TV.<\/li>\n<li>3 puertos HDMI y 2 USB.<\/li>\n<li>Sintonizador digital DVB-T2.<\/li>\n<li>Conexi\u00f3n WiFi integrada.<\/li>\n<\/ul>\n","protected":false},"featured_media":7693,"comment_status":"open","ping_status":"closed","template":"","meta":{"_acf_changed":false,"_joinchat":[]},"product_brand":[],"product_cat":[633,322,2113],"product_tag":[2119,2116,2117,2122,2114,2121,2115,2120,2123,2118],"class_list":{"0":"post-23087","1":"product","2":"type-product","3":"status-publish","4":"has-post-thumbnail","6":"product_cat-televisores","7":"product_cat-tecnologia","8":"product_cat-televisores-tecnologia","9":"product_tag-smart-tv-con-apps","10":"product_tag-smart-tv-roku","11":"product_tag-televisor-4k-uhd","12":"product_tag-televisor-conectividad-bluetooth","13":"product_tag-televisor-hyundai-55","14":"product_tag-televisores-tienda-ao","15":"product_tag-tv-55-pulgadas-4k","16":"product_tag-tv-calidad-de-imagen-4k","17":"product_tag-tv-entretenimiento-en-casa","18":"product_tag-tv-streaming-integrado","20":"first","21":"instock","22":"sale","23":"featured","24":"shipping-taxable","25":"purchasable","26":"product-type-simple"},"acf":[],"_links":{"self":[{"href":"https:\/\/tiendaao.com\/Ecomerce\/wp-json\/wp\/v2\/product\/23087","targetHints":{"allow":["GET"]}}],"collection":[{"href":"https:\/\/tiendaao.com\/Ecomerce\/wp-json\/wp\/v2\/product"}],"about":[{"href":"https:\/\/tiendaao.com\/Ecomerce\/wp-json\/wp\/v2\/types\/product"}],"replies":[{"embeddable":true,"href":"https:\/\/tiendaao.com\/Ecomerce\/wp-json\/wp\/v2\/comments?post=23087"}],"version-history":[{"count":1,"href":"https:\/\/tiendaao.com\/Ecomerce\/wp-json\/wp\/v2\/product\/23087\/revisions"}],"predecessor-version":[{"id":23115,"href":"https:\/\/tiendaao.com\/Ecomerce\/wp-json\/wp\/v2\/product\/23087\/revisions\/23115"}],"wp:featuredmedia":[{"embeddable":true,"href":"https:\/\/tiendaao.com\/Ecomerce\/wp-json\/wp\/v2\/media\/7693"}],"wp:attachment":[{"href":"https:\/\/tiendaao.com\/Ecomerce\/wp-json\/wp\/v2\/media?parent=23087"}],"wp:term":[{"taxonomy":"product_brand","embeddable":true,"href":"https:\/\/tiendaao.com\/Ecomerce\/wp-json\/wp\/v2\/product_brand?post=23087"},{"taxonomy":"product_cat","embeddable":true,"href":"https:\/\/tiendaao.com\/Ecomerce\/wp-json\/wp\/v2\/product_cat?post=23087"},{"taxonomy":"product_tag","embeddable":true,"href":"https:\/\/tiendaao.com\/Ecomerce\/wp-json\/wp\/v2\/product_tag?post=23087"}],"curies":[{"name":"wp","href":"https:\/\/api.w.org\/{rel}","templated":true}]}}