{"id":23088,"date":"2026-03-13T11:38:05","date_gmt":"2026-03-13T16:38:05","guid":{"rendered":"https:\/\/tiendaao.com\/Ecomerce\/producto\/nevera-no-frost-267-l-mabe-rma267pycu\/"},"modified":"2026-03-13T11:38:09","modified_gmt":"2026-03-13T16:38:09","slug":"nevera-no-frost-267-l-mabe-rma267pycu","status":"publish","type":"product","link":"https:\/\/tiendaao.com\/Ecomerce\/producto\/nevera-no-frost-267-l-mabe-rma267pycu\/","title":{"rendered":"Nevera No Frost 267 L Mabe | RMA267PYCU"},"content":{"rendered":"<p>La nevera Mabe RMA267PYCU con 267 L de capacidad, dise\u00f1ado para brindar funcionalidad y durabilidad. Cuenta con parrillas de cristal templado, anaqueles en puerta, caj\u00f3n para frutas y verduras e iluminaci\u00f3n LED que facilita la visibilidad interior. Su dise\u00f1o moderno y pr\u00e1ctico es ideal para optimizar el espacio y mantener los alimentos bien organizados.<\/p>\n","protected":false},"excerpt":{"rendered":"<ul>\n<li>Jaladera tipo Pocket<\/li>\n<li>Gas Refrigerante R600a<\/li>\n<li>Voltaje: 115V \/ 60Hz<\/li>\n<li>Despachador de agua 2 L<\/li>\n<li>2 bandejas de cristal templado<\/li>\n<\/ul>\n","protected":false},"featured_media":6706,"comment_status":"open","ping_status":"closed","template":"","meta":{"_acf_changed":false,"_joinchat":[]},"product_brand":[789],"product_cat":[597,599],"product_tag":[1574,1573,1577,1575,1571,1569,1572,1576,1570,1568],"class_list":{"0":"post-23088","1":"product","2":"type-product","3":"status-publish","4":"has-post-thumbnail","6":"product_brand-3-mabe","7":"product_cat-electrohogar","8":"product_cat-neveras","9":"product_tag-compra-nevera-mabe","10":"product_tag-nevera-mabe-con-dispensador-de-agua","11":"product_tag-nevera-mabe-congelador-superior","12":"product_tag-nevera-mabe-eficiencia-a","13":"product_tag-nevera-mabe-no-frost","14":"product_tag-nevera-no-frost-mabe-267-l","15":"product_tag-refrigerador-267-litros-colombia","16":"product_tag-refrigerador-hogar-no-frost","17":"product_tag-refrigerador-mabe-inox","18":"product_tag-tienda-ao-electrodomesticos","20":"first","21":"instock","22":"sale","23":"shipping-taxable","24":"purchasable","25":"product-type-simple"},"acf":[],"_links":{"self":[{"href":"https:\/\/tiendaao.com\/Ecomerce\/wp-json\/wp\/v2\/product\/23088","targetHints":{"allow":["GET"]}}],"collection":[{"href":"https:\/\/tiendaao.com\/Ecomerce\/wp-json\/wp\/v2\/product"}],"about":[{"href":"https:\/\/tiendaao.com\/Ecomerce\/wp-json\/wp\/v2\/types\/product"}],"replies":[{"embeddable":true,"href":"https:\/\/tiendaao.com\/Ecomerce\/wp-json\/wp\/v2\/comments?post=23088"}],"version-history":[{"count":0,"href":"https:\/\/tiendaao.com\/Ecomerce\/wp-json\/wp\/v2\/product\/23088\/revisions"}],"wp:featuredmedia":[{"embeddable":true,"href":"https:\/\/tiendaao.com\/Ecomerce\/wp-json\/wp\/v2\/media\/6706"}],"wp:attachment":[{"href":"https:\/\/tiendaao.com\/Ecomerce\/wp-json\/wp\/v2\/media?parent=23088"}],"wp:term":[{"taxonomy":"product_brand","embeddable":true,"href":"https:\/\/tiendaao.com\/Ecomerce\/wp-json\/wp\/v2\/product_brand?post=23088"},{"taxonomy":"product_cat","embeddable":true,"href":"https:\/\/tiendaao.com\/Ecomerce\/wp-json\/wp\/v2\/product_cat?post=23088"},{"taxonomy":"product_tag","embeddable":true,"href":"https:\/\/tiendaao.com\/Ecomerce\/wp-json\/wp\/v2\/product_tag?post=23088"}],"curies":[{"name":"wp","href":"https:\/\/api.w.org\/{rel}","templated":true}]}}