{"id":7339,"date":"2026-02-21T11:39:52","date_gmt":"2026-02-21T16:39:52","guid":{"rendered":"https:\/\/tiendaao.com\/Ecomerce\/producto\/estufa-de-piso-a-gas-52-cm-inox-centrales-ccc20gtgxn-6\/"},"modified":"2026-04-04T00:08:13","modified_gmt":"2026-04-04T05:08:13","slug":"estufa-de-piso-a-gas-52-cm-inox-centrales-ccc20gtgxn-6","status":"publish","type":"product","link":"https:\/\/tiendaao.com\/Ecomerce\/producto\/estufa-de-piso-a-gas-52-cm-inox-centrales-ccc20gtgxn-6\/","title":{"rendered":"Estufa de piso a Gas 52 cm Inox Centrales| CCC20GTGXN-6"},"content":{"rendered":"<p>Estufa de piso a gas Centrales de 52 cm en acero inoxidable, ideal para cocinas compactas. Cuenta con 4 quemadores (1 jumbo y 3 est\u00e1ndar) que brindan mayor potencia y control de cocci\u00f3n, parrillas resistentes, capelo de vidrio protector y gabinete inferior para almacenamiento. Dise\u00f1o moderno, f\u00e1cil limpieza y alta durabilidad para el uso diario en el hogar.<\/p>\n","protected":false},"excerpt":{"rendered":"<ul>\n<li>Gas natural<\/li>\n<li>Capelo recto de cristal templado<\/li>\n<li>2 parrillas superiores de alambr\u00f3n mate<\/li>\n<li>Cubierta sellada de acero inoxidable<\/li>\n<li>Encendido manual<\/li>\n<li>Gabinete de almacenamiento<\/li>\n<\/ul>\n","protected":false},"featured_media":6700,"comment_status":"open","ping_status":"closed","template":"","meta":{"_acf_changed":false,"_joinchat":[]},"product_brand":[1773],"product_cat":[631,597],"product_tag":[1624,1627,1630,1628,1626,1623,1631,1629,1625,1568],"class_list":{"0":"post-7339","1":"product","2":"type-product","3":"status-publish","4":"has-post-thumbnail","6":"product_brand-4-centrales","7":"product_cat-cocina","8":"product_cat-electrohogar","9":"product_tag-cocina-a-gas-inox","10":"product_tag-cocina-domestica-gas-natural","11":"product_tag-cocina-mabe-eficiente","12":"product_tag-comprar-estufa-mabe-colombia","13":"product_tag-estufa-4-quemadores-gas","14":"product_tag-estufa-a-gas-52-cm-mabe","15":"product_tag-estufa-cocina-inox-mabe","16":"product_tag-estufa-con-gabinete-mabe","17":"product_tag-estufa-de-piso-mabe","18":"product_tag-tienda-ao-electrodomesticos","20":"first","21":"instock","22":"featured","23":"shipping-taxable","24":"purchasable","25":"product-type-simple"},"acf":[],"_links":{"self":[{"href":"https:\/\/tiendaao.com\/Ecomerce\/wp-json\/wp\/v2\/product\/7339","targetHints":{"allow":["GET"]}}],"collection":[{"href":"https:\/\/tiendaao.com\/Ecomerce\/wp-json\/wp\/v2\/product"}],"about":[{"href":"https:\/\/tiendaao.com\/Ecomerce\/wp-json\/wp\/v2\/types\/product"}],"replies":[{"embeddable":true,"href":"https:\/\/tiendaao.com\/Ecomerce\/wp-json\/wp\/v2\/comments?post=7339"}],"version-history":[{"count":0,"href":"https:\/\/tiendaao.com\/Ecomerce\/wp-json\/wp\/v2\/product\/7339\/revisions"}],"wp:featuredmedia":[{"embeddable":true,"href":"https:\/\/tiendaao.com\/Ecomerce\/wp-json\/wp\/v2\/media\/6700"}],"wp:attachment":[{"href":"https:\/\/tiendaao.com\/Ecomerce\/wp-json\/wp\/v2\/media?parent=7339"}],"wp:term":[{"taxonomy":"product_brand","embeddable":true,"href":"https:\/\/tiendaao.com\/Ecomerce\/wp-json\/wp\/v2\/product_brand?post=7339"},{"taxonomy":"product_cat","embeddable":true,"href":"https:\/\/tiendaao.com\/Ecomerce\/wp-json\/wp\/v2\/product_cat?post=7339"},{"taxonomy":"product_tag","embeddable":true,"href":"https:\/\/tiendaao.com\/Ecomerce\/wp-json\/wp\/v2\/product_tag?post=7339"}],"curies":[{"name":"wp","href":"https:\/\/api.w.org\/{rel}","templated":true}]}}