{"id":7342,"date":"2026-02-21T11:39:55","date_gmt":"2026-02-21T16:39:55","guid":{"rendered":"https:\/\/tiendaao.com\/Ecomerce\/producto\/lavadora-doble-tina-midea-twin-force-10kg-blanca-triple-funcion-air-fresh-mt100w101-w\/"},"modified":"2026-03-13T14:29:21","modified_gmt":"2026-03-13T19:29:21","slug":"lavadora-doble-tina-midea-twin-force-10kg-blanca-triple-funcion-air-fresh-mt100w101-w","status":"publish","type":"product","link":"https:\/\/tiendaao.com\/Ecomerce\/producto\/lavadora-doble-tina-midea-twin-force-10kg-blanca-triple-funcion-air-fresh-mt100w101-w\/","title":{"rendered":"Lavadora Doble Tina Midea Twin Force 10kg Blanca Triple Funci\u00f3n Air Fresh | MT100W101\/W"},"content":{"rendered":"<p>La Lavadora Doble Tina Midea Twin Force MT100W101\/W-CO lava, enjuaga y centrifuga al mismo tiempo con su sistema Impulsor Dual-Force y dos motores independientes. Cuenta con Air Fresh para un centrifugado r\u00e1pido en menos de 5 min y un Filtro M\u00e1gico Pro que atrapa pelusas y residuos para una limpieza m\u00e1s eficaz. Ideal para lavar ropa con eficiencia y rapidez en casa.<\/p>\n","protected":false},"excerpt":{"rendered":"<ul>\n<li>Impulsor Dual-Force: Lava enjuaga y centrifuga al mismo tiempo.<\/li>\n<li>Filtro M\u00e1gico Pro: F\u00e1cil limpieza con el menor esfuerzo.<\/li>\n<li>Sistema de lavado por impulsor<\/li>\n<li>Motor independiente que permite lavar y centrifugar al mismo tiempo<\/li>\n<li>Dos ciclos de lavado: Normal y Fuerte<\/li>\n<li>Desag\u00fce de agua por gravedad, optimizando la eficiencia energ\u00e9tica<\/li>\n<li>Motor en acero con embobinado en cobre<\/li>\n<\/ul>\n","protected":false},"featured_media":23107,"comment_status":"open","ping_status":"closed","template":"","meta":{"_acf_changed":false,"_joinchat":[]},"product_brand":[503],"product_cat":[597,630],"product_tag":[],"class_list":{"0":"post-7342","1":"product","2":"type-product","3":"status-publish","4":"has-post-thumbnail","6":"product_brand-5-midea","7":"product_cat-electrohogar","8":"product_cat-lavado","10":"first","11":"instock","12":"sale","13":"featured","14":"shipping-taxable","15":"purchasable","16":"product-type-simple"},"acf":[],"_links":{"self":[{"href":"https:\/\/tiendaao.com\/Ecomerce\/wp-json\/wp\/v2\/product\/7342","targetHints":{"allow":["GET"]}}],"collection":[{"href":"https:\/\/tiendaao.com\/Ecomerce\/wp-json\/wp\/v2\/product"}],"about":[{"href":"https:\/\/tiendaao.com\/Ecomerce\/wp-json\/wp\/v2\/types\/product"}],"replies":[{"embeddable":true,"href":"https:\/\/tiendaao.com\/Ecomerce\/wp-json\/wp\/v2\/comments?post=7342"}],"version-history":[{"count":2,"href":"https:\/\/tiendaao.com\/Ecomerce\/wp-json\/wp\/v2\/product\/7342\/revisions"}],"predecessor-version":[{"id":23108,"href":"https:\/\/tiendaao.com\/Ecomerce\/wp-json\/wp\/v2\/product\/7342\/revisions\/23108"}],"wp:featuredmedia":[{"embeddable":true,"href":"https:\/\/tiendaao.com\/Ecomerce\/wp-json\/wp\/v2\/media\/23107"}],"wp:attachment":[{"href":"https:\/\/tiendaao.com\/Ecomerce\/wp-json\/wp\/v2\/media?parent=7342"}],"wp:term":[{"taxonomy":"product_brand","embeddable":true,"href":"https:\/\/tiendaao.com\/Ecomerce\/wp-json\/wp\/v2\/product_brand?post=7342"},{"taxonomy":"product_cat","embeddable":true,"href":"https:\/\/tiendaao.com\/Ecomerce\/wp-json\/wp\/v2\/product_cat?post=7342"},{"taxonomy":"product_tag","embeddable":true,"href":"https:\/\/tiendaao.com\/Ecomerce\/wp-json\/wp\/v2\/product_tag?post=7342"}],"curies":[{"name":"wp","href":"https:\/\/api.w.org\/{rel}","templated":true}]}}