{"id":7343,"date":"2026-02-21T11:39:57","date_gmt":"2026-02-21T16:39:57","guid":{"rendered":"https:\/\/tiendaao.com\/Ecomerce\/producto\/lavadora-semiautomatica-propela-13-kg-blanca-mabe-lmd3123hbab0\/"},"modified":"2026-03-13T14:25:45","modified_gmt":"2026-03-13T19:25:45","slug":"lavadora-semiautomatica-propela-13-kg-blanca-mabe-lmd3123hbab0","status":"publish","type":"product","link":"https:\/\/tiendaao.com\/Ecomerce\/producto\/lavadora-semiautomatica-propela-13-kg-blanca-mabe-lmd3123hbab0\/","title":{"rendered":"Lavadora Semiautom\u00e1tica Propela 13 Kg Blanca Mabe| LMD3123HBAB0"},"content":{"rendered":"<p>Semiautom\u00e1tica.Tecnolog\u00eda Safe and Clean. Recubrimiento en propela y en tina de centrifuga que inhibe la reproducci\u00f3n de bacterias. M\u00e1xima limpieza Sistema de lavado por propela, genera corrientes de agua en forma de remolino. Freno de seguridad Se activa al abrir la tapa de seguridad durante el proceso de centrifugado. Air Vent, ventilas en la tapa que ayudan a que circule el aire para evitar el moho y la reproducci\u00f3n de bacterias. (No cuenta con Bomba de desag\u00fce este es de forma manual).<\/p>\n","protected":false},"excerpt":{"rendered":"<ul>\n<li>Tapa con ranuras Air Vent<\/li>\n<li>Propela 360\u00b0<\/li>\n<li>Magic Filter<\/li>\n<li>Recubrimiento antibacterial en propela<\/li>\n<\/ul>\n","protected":false},"featured_media":23105,"comment_status":"open","ping_status":"closed","template":"","meta":{"_acf_changed":false,"_joinchat":[]},"product_brand":[789],"product_cat":[597,630],"product_tag":[],"class_list":{"0":"post-7343","1":"product","2":"type-product","3":"status-publish","4":"has-post-thumbnail","6":"product_brand-3-mabe","7":"product_cat-electrohogar","8":"product_cat-lavado","10":"first","11":"instock","12":"featured","13":"shipping-taxable","14":"product-type-simple"},"acf":[],"_links":{"self":[{"href":"https:\/\/tiendaao.com\/Ecomerce\/wp-json\/wp\/v2\/product\/7343","targetHints":{"allow":["GET"]}}],"collection":[{"href":"https:\/\/tiendaao.com\/Ecomerce\/wp-json\/wp\/v2\/product"}],"about":[{"href":"https:\/\/tiendaao.com\/Ecomerce\/wp-json\/wp\/v2\/types\/product"}],"replies":[{"embeddable":true,"href":"https:\/\/tiendaao.com\/Ecomerce\/wp-json\/wp\/v2\/comments?post=7343"}],"version-history":[{"count":2,"href":"https:\/\/tiendaao.com\/Ecomerce\/wp-json\/wp\/v2\/product\/7343\/revisions"}],"predecessor-version":[{"id":23106,"href":"https:\/\/tiendaao.com\/Ecomerce\/wp-json\/wp\/v2\/product\/7343\/revisions\/23106"}],"wp:featuredmedia":[{"embeddable":true,"href":"https:\/\/tiendaao.com\/Ecomerce\/wp-json\/wp\/v2\/media\/23105"}],"wp:attachment":[{"href":"https:\/\/tiendaao.com\/Ecomerce\/wp-json\/wp\/v2\/media?parent=7343"}],"wp:term":[{"taxonomy":"product_brand","embeddable":true,"href":"https:\/\/tiendaao.com\/Ecomerce\/wp-json\/wp\/v2\/product_brand?post=7343"},{"taxonomy":"product_cat","embeddable":true,"href":"https:\/\/tiendaao.com\/Ecomerce\/wp-json\/wp\/v2\/product_cat?post=7343"},{"taxonomy":"product_tag","embeddable":true,"href":"https:\/\/tiendaao.com\/Ecomerce\/wp-json\/wp\/v2\/product_tag?post=7343"}],"curies":[{"name":"wp","href":"https:\/\/api.w.org\/{rel}","templated":true}]}}