{"id":7347,"date":"2026-02-21T11:40:01","date_gmt":"2026-02-21T16:40:01","guid":{"rendered":"https:\/\/tiendaao.com\/Ecomerce\/producto\/aire-acondicionado-tradicional-220v-12000-btu-mmt12cdbwccbc1\/"},"modified":"2026-04-05T00:09:06","modified_gmt":"2026-04-05T05:09:06","slug":"aire-acondicionado-tradicional-220v-12000-btu-mmt12cdbwccbc1","status":"publish","type":"product","link":"https:\/\/tiendaao.com\/Ecomerce\/producto\/aire-acondicionado-tradicional-220v-12000-btu-mmt12cdbwccbc1\/","title":{"rendered":"Aire Acondicionado Tradicional 220v 12000 BTU | MMT12CDBWCCBC1"},"content":{"rendered":"<p>Refresca espacios medianos con este aire acondicionado tradicional 12 000 BTU 220 V de Mabe, dise\u00f1ado para ofrecer enfriamiento eficiente, gas ecol\u00f3gico R410A y funci\u00f3n ECO que ayuda a ahorrar energ\u00eda hasta un 60 %. Incluye control remoto y sensor My Temp para mayor confort. C\u00f3mpralo aqu\u00ed y disfruta frescura en tu hogar.<\/p>\n","protected":false},"excerpt":{"rendered":"<ul>\n<li>Tuber\u00eda interna de cobre<\/li>\n<li>Recubrimiento Max Shield<\/li>\n<li>Display Led<\/li>\n<li>Gas R410A<\/li>\n<li>Control remoto<\/li>\n<\/ul>\n","protected":false},"featured_media":6693,"comment_status":"open","ping_status":"closed","template":"","meta":{"_acf_changed":false,"_joinchat":[]},"product_brand":[789],"product_cat":[632,597],"product_tag":[1670,1667,1665,1669,906,1668,1666,1568],"class_list":{"0":"post-7347","1":"product","2":"type-product","3":"status-publish","4":"has-post-thumbnail","6":"product_brand-3-mabe","7":"product_cat-aires-acondicionados","8":"product_cat-electrohogar","9":"product_tag-aire-acondicionado-economico","10":"product_tag-aire-acondicionado-eficiente-12000-btu","11":"product_tag-aire-acondicionado-mabe-220-v-12000-btu","12":"product_tag-aire-acondicionado-silencioso","13":"product_tag-aire-acondicionado-tradicional-mabe","14":"product_tag-aire-para-habitacion-mabe","15":"product_tag-comprar-aire-acondicionado-colombia","16":"product_tag-tienda-ao-electrodomesticos","18":"first","19":"instock","20":"featured","21":"shipping-taxable","22":"purchasable","23":"product-type-simple"},"acf":[],"_links":{"self":[{"href":"https:\/\/tiendaao.com\/Ecomerce\/wp-json\/wp\/v2\/product\/7347","targetHints":{"allow":["GET"]}}],"collection":[{"href":"https:\/\/tiendaao.com\/Ecomerce\/wp-json\/wp\/v2\/product"}],"about":[{"href":"https:\/\/tiendaao.com\/Ecomerce\/wp-json\/wp\/v2\/types\/product"}],"replies":[{"embeddable":true,"href":"https:\/\/tiendaao.com\/Ecomerce\/wp-json\/wp\/v2\/comments?post=7347"}],"version-history":[{"count":1,"href":"https:\/\/tiendaao.com\/Ecomerce\/wp-json\/wp\/v2\/product\/7347\/revisions"}],"predecessor-version":[{"id":23094,"href":"https:\/\/tiendaao.com\/Ecomerce\/wp-json\/wp\/v2\/product\/7347\/revisions\/23094"}],"wp:featuredmedia":[{"embeddable":true,"href":"https:\/\/tiendaao.com\/Ecomerce\/wp-json\/wp\/v2\/media\/6693"}],"wp:attachment":[{"href":"https:\/\/tiendaao.com\/Ecomerce\/wp-json\/wp\/v2\/media?parent=7347"}],"wp:term":[{"taxonomy":"product_brand","embeddable":true,"href":"https:\/\/tiendaao.com\/Ecomerce\/wp-json\/wp\/v2\/product_brand?post=7347"},{"taxonomy":"product_cat","embeddable":true,"href":"https:\/\/tiendaao.com\/Ecomerce\/wp-json\/wp\/v2\/product_cat?post=7347"},{"taxonomy":"product_tag","embeddable":true,"href":"https:\/\/tiendaao.com\/Ecomerce\/wp-json\/wp\/v2\/product_tag?post=7347"}],"curies":[{"name":"wp","href":"https:\/\/api.w.org\/{rel}","templated":true}]}}