{"id":7353,"date":"2026-02-21T11:40:09","date_gmt":"2026-02-21T16:40:09","guid":{"rendered":"https:\/\/tiendaao.com\/Ecomerce\/producto\/televisor-smart-tv-lg-65-4k-magic-control-65ut8050psa\/"},"modified":"2026-04-04T00:08:14","modified_gmt":"2026-04-04T05:08:14","slug":"televisor-smart-tv-lg-65-4k-magic-control-65ut8050psa","status":"publish","type":"product","link":"https:\/\/tiendaao.com\/Ecomerce\/producto\/televisor-smart-tv-lg-65-4k-magic-control-65ut8050psa\/","title":{"rendered":"Televisor Smart TV LG 65&#8243; 4K Magic Control | 65UT8050PSA"},"content":{"rendered":"<p>\u00a1Vive el poder del entretenimiento con el LG UHD 4K AI TV!<br \/>\nDisfruta im\u00e1genes ultra n\u00edtidas y colores vibrantes con tecnolog\u00eda HDR10 Pro y el procesador \u03b15 AI 4K Gen7, que optimiza brillo y sonido para una experiencia inmersiva. Personaliza tu contenido con webOS 24, Disfruta de control por voz con Alexa, conectividad total con AirPlay, Bluetooth y webOS 24, y sum\u00e9rgete en un sonido envolvente con AI Sound Pro. Un televisor potente, elegante y listo para tu entretenimiento inteligente.<\/p>\n","protected":false},"excerpt":{"rendered":"<ul>\n<li>Colores y detalles impresionantes con 4K HDR10 Pro<\/li>\n<li>Mejor calidad de imagen y sonido con el procesador alpha 5 AI 4K Gen7<\/li>\n<li>4 a\u00f1os de actualizaciones garantizadas durante 5 a\u00f1os con el programa webOS Re:Nuevo Programa<\/li>\n<li>Im\u00e1genes y sonido dignos de cine con el MODO FILMMAKER<\/li>\n<li>Mejora la experiencia de juego con el panel de control y el optimizador de juegos<\/li>\n<\/ul>\n","protected":false},"featured_media":23117,"comment_status":"open","ping_status":"closed","template":"","meta":{"_acf_changed":false,"_joinchat":[]},"product_brand":[1816],"product_cat":[633,322,2113],"product_tag":[],"class_list":{"0":"post-7353","1":"product","2":"type-product","3":"status-publish","4":"has-post-thumbnail","6":"product_brand-lg-electronics","7":"product_cat-televisores","8":"product_cat-tecnologia","9":"product_cat-televisores-tecnologia","11":"first","12":"instock","13":"featured","14":"shipping-taxable","15":"purchasable","16":"product-type-simple"},"acf":[],"_links":{"self":[{"href":"https:\/\/tiendaao.com\/Ecomerce\/wp-json\/wp\/v2\/product\/7353","targetHints":{"allow":["GET"]}}],"collection":[{"href":"https:\/\/tiendaao.com\/Ecomerce\/wp-json\/wp\/v2\/product"}],"about":[{"href":"https:\/\/tiendaao.com\/Ecomerce\/wp-json\/wp\/v2\/types\/product"}],"replies":[{"embeddable":true,"href":"https:\/\/tiendaao.com\/Ecomerce\/wp-json\/wp\/v2\/comments?post=7353"}],"version-history":[{"count":2,"href":"https:\/\/tiendaao.com\/Ecomerce\/wp-json\/wp\/v2\/product\/7353\/revisions"}],"predecessor-version":[{"id":23122,"href":"https:\/\/tiendaao.com\/Ecomerce\/wp-json\/wp\/v2\/product\/7353\/revisions\/23122"}],"wp:featuredmedia":[{"embeddable":true,"href":"https:\/\/tiendaao.com\/Ecomerce\/wp-json\/wp\/v2\/media\/23117"}],"wp:attachment":[{"href":"https:\/\/tiendaao.com\/Ecomerce\/wp-json\/wp\/v2\/media?parent=7353"}],"wp:term":[{"taxonomy":"product_brand","embeddable":true,"href":"https:\/\/tiendaao.com\/Ecomerce\/wp-json\/wp\/v2\/product_brand?post=7353"},{"taxonomy":"product_cat","embeddable":true,"href":"https:\/\/tiendaao.com\/Ecomerce\/wp-json\/wp\/v2\/product_cat?post=7353"},{"taxonomy":"product_tag","embeddable":true,"href":"https:\/\/tiendaao.com\/Ecomerce\/wp-json\/wp\/v2\/product_tag?post=7353"}],"curies":[{"name":"wp","href":"https:\/\/api.w.org\/{rel}","templated":true}]}}