{"id":7355,"date":"2026-02-21T11:40:11","date_gmt":"2026-02-21T16:40:11","guid":{"rendered":"https:\/\/tiendaao.com\/Ecomerce\/producto\/tv-tcl-iffalcon-smart-tv-32-%e2%94%82-iff32s53\/"},"modified":"2026-04-04T00:08:13","modified_gmt":"2026-04-04T05:08:13","slug":"tv-tcl-iffalcon-smart-tv-32-%e2%94%82-iff32s53","status":"publish","type":"product","link":"https:\/\/tiendaao.com\/Ecomerce\/producto\/tv-tcl-iffalcon-smart-tv-32-%e2%94%82-iff32s53\/","title":{"rendered":"TV TCL IFFALCON Smart TV 32&#8243; \u2502 IFF32S53"},"content":{"rendered":"<p>El iFFALCON 32S53 es un televisor de 32 pulgadas con resoluci\u00f3n HD (1280 * 720), ideal para espacios medianos como salas o habitaciones. Ofrece compatibilidad con HDR10, lo que mejora el contraste y la reproducci\u00f3n de colores en contenido compatible. Su dise\u00f1o de pantalla casi sin bordes brinda una apariencia moderna y una experiencia visual m\u00e1s inmersiva. Incorpora el sistema operativo Android TV, que permite acceder f\u00e1cilmente a aplicaciones, Fabricado por iFFALCON, una marca asociada a TCL, combina buena calidad de imagen con un precio accesible y garant\u00eda de hasta 2 a\u00f1os. <\/p>\n","protected":false},"excerpt":{"rendered":"<ul>\n<li>Pantalla 32&#8243; HD (1280*720) con HDR10<\/li>\n<li>Android R TV con miles de aplicaciones a traves de Google Play.<\/li>\n<li>Sonido 2 * 8W y certificacion dolby audio para calidad de sonido superior<\/li>\n<li>Conectividad bluetooth y WIFI.<\/li>\n<li>TDT DVB-T2 integrado.<\/li>\n<\/ul>\n","protected":false},"featured_media":6710,"comment_status":"open","ping_status":"closed","template":"","meta":{"_acf_changed":false,"_joinchat":[]},"product_brand":[1801],"product_cat":[633,322,2113],"product_tag":[1696,1695,1693,1698,1697,1691,1692,1699,1694],"class_list":{"0":"post-7355","1":"product","2":"type-product","3":"status-publish","4":"has-post-thumbnail","6":"product_brand-tcliffalcon","7":"product_cat-televisores","8":"product_cat-tecnologia","9":"product_cat-televisores-tecnologia","10":"product_tag-android-tv-con-wi-fi","11":"product_tag-comprar-smart-tv-32-pulgadas","12":"product_tag-smart-tv-iffalcon-32","13":"product_tag-smart-tv-netflix-youtube","14":"product_tag-televisor-hdmi-usb","15":"product_tag-televisor-smart-tv-32-pulgadas","16":"product_tag-tv-android-hd-32-","17":"product_tag-tv-hogar-moderno","18":"product_tag-tv-led-hd-colombia","20":"first","21":"instock","22":"featured","23":"shipping-taxable","24":"purchasable","25":"product-type-simple"},"acf":[],"_links":{"self":[{"href":"https:\/\/tiendaao.com\/Ecomerce\/wp-json\/wp\/v2\/product\/7355","targetHints":{"allow":["GET"]}}],"collection":[{"href":"https:\/\/tiendaao.com\/Ecomerce\/wp-json\/wp\/v2\/product"}],"about":[{"href":"https:\/\/tiendaao.com\/Ecomerce\/wp-json\/wp\/v2\/types\/product"}],"replies":[{"embeddable":true,"href":"https:\/\/tiendaao.com\/Ecomerce\/wp-json\/wp\/v2\/comments?post=7355"}],"version-history":[{"count":1,"href":"https:\/\/tiendaao.com\/Ecomerce\/wp-json\/wp\/v2\/product\/7355\/revisions"}],"predecessor-version":[{"id":7814,"href":"https:\/\/tiendaao.com\/Ecomerce\/wp-json\/wp\/v2\/product\/7355\/revisions\/7814"}],"wp:featuredmedia":[{"embeddable":true,"href":"https:\/\/tiendaao.com\/Ecomerce\/wp-json\/wp\/v2\/media\/6710"}],"wp:attachment":[{"href":"https:\/\/tiendaao.com\/Ecomerce\/wp-json\/wp\/v2\/media?parent=7355"}],"wp:term":[{"taxonomy":"product_brand","embeddable":true,"href":"https:\/\/tiendaao.com\/Ecomerce\/wp-json\/wp\/v2\/product_brand?post=7355"},{"taxonomy":"product_cat","embeddable":true,"href":"https:\/\/tiendaao.com\/Ecomerce\/wp-json\/wp\/v2\/product_cat?post=7355"},{"taxonomy":"product_tag","embeddable":true,"href":"https:\/\/tiendaao.com\/Ecomerce\/wp-json\/wp\/v2\/product_tag?post=7355"}],"curies":[{"name":"wp","href":"https:\/\/api.w.org\/{rel}","templated":true}]}}