{"id":7356,"date":"2026-02-21T11:40:12","date_gmt":"2026-02-21T16:40:12","guid":{"rendered":"https:\/\/tiendaao.com\/Ecomerce\/producto\/tv-tcl-iffalcon-smart-tv-43-%e2%94%82-iff43s53\/"},"modified":"2026-04-04T00:08:13","modified_gmt":"2026-04-04T05:08:13","slug":"tv-tcl-iffalcon-smart-tv-43-%e2%94%82-iff43s53","status":"publish","type":"product","link":"https:\/\/tiendaao.com\/Ecomerce\/producto\/tv-tcl-iffalcon-smart-tv-43-%e2%94%82-iff43s53\/","title":{"rendered":"TV TCL IFFALCON Smart TV 43&#8243; \u2502 IFF43S53"},"content":{"rendered":"<p>El iFFALCON 43S53 es un televisor de 43 pulgadas con resoluci\u00f3n Full HD (1920 \u00d7 1080), ideal para espacios medianos como salas o habitaciones. Ofrece compatibilidad con HDR10, lo que mejora el contraste y la reproducci\u00f3n de colores en contenido compatible. Su dise\u00f1o de pantalla casi sin bordes brinda una apariencia moderna y una experiencia visual m\u00e1s inmersiva. Incorpora el sistema operativo Android TV, que permite acceder f\u00e1cilmente a aplicaciones, Fabricado por iFFALCON, una marca asociada a TCL, combina buena calidad de imagen con un precio accesible y garant\u00eda de hasta 2 a\u00f1os. <\/p>\n","protected":false},"excerpt":{"rendered":"<ul>\n<li>Pantalla 43&#8243; FHD (1920*1080) con HDR10<\/li>\n<li>Android R TV con miles de aplicaciones a traves de Google Play.<\/li>\n<li>Sonido 2 * 9,5W y certificacion dolby audio para calidad de sonido superior<\/li>\n<li>Conectividad bluetooth y WIFI.<\/li>\n<li>TDT DVB-T2 integrado.<\/li>\n<\/ul>\n","protected":false},"featured_media":6711,"comment_status":"open","ping_status":"closed","template":"","meta":{"_acf_changed":false,"_joinchat":[]},"product_brand":[1801],"product_cat":[633,322,2113],"product_tag":[1696,1706,1702,1703,1705,1700,1701,1708,1704,1707],"class_list":{"0":"post-7356","1":"product","2":"type-product","3":"status-publish","4":"has-post-thumbnail","6":"product_brand-tcliffalcon","7":"product_cat-televisores","8":"product_cat-tecnologia","9":"product_cat-televisores-tecnologia","10":"product_tag-android-tv-con-wi-fi","11":"product_tag-comprar-smart-tv-43","12":"product_tag-smart-tv-iffalcon-43","13":"product_tag-televisor-led-full-hd","14":"product_tag-televisor-para-netflix-y-youtube","15":"product_tag-televisor-smart-tv-43-pulgadas","16":"product_tag-tv-android-43-fhd","17":"product_tag-tv-con-dolby-audio","18":"product_tag-tv-con-hdr10","19":"product_tag-tv-hogar-colombia","21":"first","22":"instock","23":"featured","24":"shipping-taxable","25":"purchasable","26":"product-type-simple"},"acf":[],"_links":{"self":[{"href":"https:\/\/tiendaao.com\/Ecomerce\/wp-json\/wp\/v2\/product\/7356","targetHints":{"allow":["GET"]}}],"collection":[{"href":"https:\/\/tiendaao.com\/Ecomerce\/wp-json\/wp\/v2\/product"}],"about":[{"href":"https:\/\/tiendaao.com\/Ecomerce\/wp-json\/wp\/v2\/types\/product"}],"replies":[{"embeddable":true,"href":"https:\/\/tiendaao.com\/Ecomerce\/wp-json\/wp\/v2\/comments?post=7356"}],"version-history":[{"count":1,"href":"https:\/\/tiendaao.com\/Ecomerce\/wp-json\/wp\/v2\/product\/7356\/revisions"}],"predecessor-version":[{"id":7813,"href":"https:\/\/tiendaao.com\/Ecomerce\/wp-json\/wp\/v2\/product\/7356\/revisions\/7813"}],"wp:featuredmedia":[{"embeddable":true,"href":"https:\/\/tiendaao.com\/Ecomerce\/wp-json\/wp\/v2\/media\/6711"}],"wp:attachment":[{"href":"https:\/\/tiendaao.com\/Ecomerce\/wp-json\/wp\/v2\/media?parent=7356"}],"wp:term":[{"taxonomy":"product_brand","embeddable":true,"href":"https:\/\/tiendaao.com\/Ecomerce\/wp-json\/wp\/v2\/product_brand?post=7356"},{"taxonomy":"product_cat","embeddable":true,"href":"https:\/\/tiendaao.com\/Ecomerce\/wp-json\/wp\/v2\/product_cat?post=7356"},{"taxonomy":"product_tag","embeddable":true,"href":"https:\/\/tiendaao.com\/Ecomerce\/wp-json\/wp\/v2\/product_tag?post=7356"}],"curies":[{"name":"wp","href":"https:\/\/api.w.org\/{rel}","templated":true}]}}