{"id":7359,"date":"2026-02-21T11:40:15","date_gmt":"2026-02-21T16:40:15","guid":{"rendered":"https:\/\/tiendaao.com\/Ecomerce\/producto\/colchon-ortopedico-ao-active-con-pillow-superior-de-alta-firmeza\/"},"modified":"2026-05-01T01:13:03","modified_gmt":"2026-05-01T06:13:03","slug":"colchon-ortopedico-ao-active-con-pillow-superior-de-alta-firmeza","status":"publish","type":"product","link":"https:\/\/tiendaao.com\/Ecomerce\/producto\/colchon-ortopedico-ao-active-con-pillow-superior-de-alta-firmeza\/","title":{"rendered":"Colch\u00f3n Ortop\u00e9dico AO Active con Pillow Superior de Alta Firmeza"},"content":{"rendered":"<p>Nuestro Colch\u00f3n Active Ofrece una serie de caracter\u00edsticas como la elasticidad, resistencia y firmeza, atributos que est\u00e1n en niveles \u00f3ptimos para garantizar un excelente desempe\u00f1o, cuenta con un Pillow superior que garantiza el m\u00e1ximo confort. \u00fasalo por una sola cara y alarga su vida \u00fatil gir\u00e1ndolo peri\u00f3dicamente.<\/p>\n","protected":false},"excerpt":{"rendered":"<ul>\n<li>Ortop\u00e9dico<\/li>\n<li>Resortado<\/li>\n<li>Fimerza: Medium \/ Media<\/li>\n<li>Soporta hasta 100 Kg. Por persona<\/li>\n<li>Pillow top Superior interno<\/li>\n<li>Tela tejido de punto con tratamientos anti\u00e1caros y atial\u00e9rgicos<\/li>\n<\/ul>\n","protected":false},"featured_media":7046,"comment_status":"open","ping_status":"closed","template":"","meta":{"_acf_changed":false,"_joinchat":[]},"product_brand":[685],"product_cat":[622,772],"product_tag":[728,729,741,742,726,743,734],"class_list":{"0":"post-7359","1":"product","2":"type-product","3":"status-publish","4":"has-post-thumbnail","6":"product_brand-1-ao","7":"product_cat-colchones","8":"product_cat-colchones-resortados-colchones","9":"product_tag-colchon-antiacaros","10":"product_tag-colchon-antialergico","11":"product_tag-colchon-ao-active","12":"product_tag-colchon-con-pillow-top-superior","13":"product_tag-colchon-ortopedico-firme","14":"product_tag-colchon-para-descanso-saludable","15":"product_tag-colchon-pillow-top","17":"first","18":"instock","19":"shipping-taxable","20":"purchasable","21":"product-type-variable"},"acf":[],"_links":{"self":[{"href":"https:\/\/tiendaao.com\/Ecomerce\/wp-json\/wp\/v2\/product\/7359","targetHints":{"allow":["GET"]}}],"collection":[{"href":"https:\/\/tiendaao.com\/Ecomerce\/wp-json\/wp\/v2\/product"}],"about":[{"href":"https:\/\/tiendaao.com\/Ecomerce\/wp-json\/wp\/v2\/types\/product"}],"replies":[{"embeddable":true,"href":"https:\/\/tiendaao.com\/Ecomerce\/wp-json\/wp\/v2\/comments?post=7359"}],"version-history":[{"count":0,"href":"https:\/\/tiendaao.com\/Ecomerce\/wp-json\/wp\/v2\/product\/7359\/revisions"}],"wp:featuredmedia":[{"embeddable":true,"href":"https:\/\/tiendaao.com\/Ecomerce\/wp-json\/wp\/v2\/media\/7046"}],"wp:attachment":[{"href":"https:\/\/tiendaao.com\/Ecomerce\/wp-json\/wp\/v2\/media?parent=7359"}],"wp:term":[{"taxonomy":"product_brand","embeddable":true,"href":"https:\/\/tiendaao.com\/Ecomerce\/wp-json\/wp\/v2\/product_brand?post=7359"},{"taxonomy":"product_cat","embeddable":true,"href":"https:\/\/tiendaao.com\/Ecomerce\/wp-json\/wp\/v2\/product_cat?post=7359"},{"taxonomy":"product_tag","embeddable":true,"href":"https:\/\/tiendaao.com\/Ecomerce\/wp-json\/wp\/v2\/product_tag?post=7359"}],"curies":[{"name":"wp","href":"https:\/\/api.w.org\/{rel}","templated":true}]}}