{"id":7360,"date":"2026-02-21T11:40:16","date_gmt":"2026-02-21T16:40:16","guid":{"rendered":"https:\/\/tiendaao.com\/Ecomerce\/producto\/colchon-ortopedico-ao-repellent-contela-antimosquitos-y-lamina-cassata\/"},"modified":"2026-04-04T00:08:15","modified_gmt":"2026-04-04T05:08:15","slug":"colchon-ortopedico-ao-repellent-contela-antimosquitos-y-lamina-cassata","status":"publish","type":"product","link":"https:\/\/tiendaao.com\/Ecomerce\/producto\/colchon-ortopedico-ao-repellent-contela-antimosquitos-y-lamina-cassata\/","title":{"rendered":"Colch\u00f3n Ortop\u00e9dico AO Repellent conTela-Antimosquitos y L\u00e1mina Cassata"},"content":{"rendered":"<p>Experimenta el confort con nuestro colch\u00f3n Repellent doble pillowtop. Puedes usarlo por ambas caras para alargar su vida \u00fatil. Adicionalmente brinda mayor firmeza en la zona lumbar. Tambi\u00e9n tiene unidad resortada bonell que distribuye tu peso uniformemente.<\/p>\n","protected":false},"excerpt":{"rendered":"<ul>\n<li>Ortop\u00e9dico con Cassata<\/li>\n<li>Resortado<\/li>\n<li>Fimerza: Hard\/ Duro<\/li>\n<li>Soporta hasta 100 Kg. Por persona<\/li>\n<li>Doble Pillow interno<\/li>\n<li>Tela con tratamientos antimosquitos<\/li>\n<\/ul>\n","protected":false},"featured_media":7055,"comment_status":"open","ping_status":"closed","template":"","meta":{"_acf_changed":false,"_joinchat":[]},"product_brand":[685],"product_cat":[622,772],"product_tag":[762,760,765,763,761,726,764],"class_list":{"0":"post-7360","1":"product","2":"type-product","3":"status-publish","4":"has-post-thumbnail","6":"product_brand-1-ao","7":"product_cat-colchones","8":"product_cat-colchones-resortados-colchones","9":"product_tag-colchon-antimosquitos","10":"product_tag-colchon-ao-repellent","11":"product_tag-colchon-cassata","12":"product_tag-colchon-con-doble-pillow","13":"product_tag-colchon-firme-ortopedico","14":"product_tag-colchon-ortopedico-firme","15":"product_tag-colchon-resortado","17":"first","18":"instock","19":"shipping-taxable","20":"purchasable","21":"product-type-variable"},"acf":[],"_links":{"self":[{"href":"https:\/\/tiendaao.com\/Ecomerce\/wp-json\/wp\/v2\/product\/7360","targetHints":{"allow":["GET"]}}],"collection":[{"href":"https:\/\/tiendaao.com\/Ecomerce\/wp-json\/wp\/v2\/product"}],"about":[{"href":"https:\/\/tiendaao.com\/Ecomerce\/wp-json\/wp\/v2\/types\/product"}],"replies":[{"embeddable":true,"href":"https:\/\/tiendaao.com\/Ecomerce\/wp-json\/wp\/v2\/comments?post=7360"}],"version-history":[{"count":0,"href":"https:\/\/tiendaao.com\/Ecomerce\/wp-json\/wp\/v2\/product\/7360\/revisions"}],"wp:featuredmedia":[{"embeddable":true,"href":"https:\/\/tiendaao.com\/Ecomerce\/wp-json\/wp\/v2\/media\/7055"}],"wp:attachment":[{"href":"https:\/\/tiendaao.com\/Ecomerce\/wp-json\/wp\/v2\/media?parent=7360"}],"wp:term":[{"taxonomy":"product_brand","embeddable":true,"href":"https:\/\/tiendaao.com\/Ecomerce\/wp-json\/wp\/v2\/product_brand?post=7360"},{"taxonomy":"product_cat","embeddable":true,"href":"https:\/\/tiendaao.com\/Ecomerce\/wp-json\/wp\/v2\/product_cat?post=7360"},{"taxonomy":"product_tag","embeddable":true,"href":"https:\/\/tiendaao.com\/Ecomerce\/wp-json\/wp\/v2\/product_tag?post=7360"}],"curies":[{"name":"wp","href":"https:\/\/api.w.org\/{rel}","templated":true}]}}