{"id":7361,"date":"2026-02-21T11:40:17","date_gmt":"2026-02-21T16:40:17","guid":{"rendered":"https:\/\/tiendaao.com\/Ecomerce\/producto\/colchon-ortopedico-ao-premium-doble-pillow-y-lamina-cassata\/"},"modified":"2026-04-04T00:08:15","modified_gmt":"2026-04-04T05:08:15","slug":"colchon-ortopedico-ao-premium-doble-pillow-y-lamina-cassata","status":"publish","type":"product","link":"https:\/\/tiendaao.com\/Ecomerce\/producto\/colchon-ortopedico-ao-premium-doble-pillow-y-lamina-cassata\/","title":{"rendered":"Colch\u00f3n Ortop\u00e9dico AO Premium doble Pillow y L\u00e1mina Cassata"},"content":{"rendered":"<p>La combinaci\u00f3n perfecta entre el confort y la firmeza en un solo lugar, el colch\u00f3n Premium con pillow en ambos lados es la elecci\u00f3n perfecta. Su unidad resortada s\u00faper ortop\u00e9dica brinda un apoyo excepcional para la alineaci\u00f3n adecuada de la columna vertebral, mientras que el pillow a\u00f1ade una capa de suavidad y acogida para una sensaci\u00f3n de lujo en ambos lados del colch\u00f3n.<\/p>\n","protected":false},"excerpt":{"rendered":"<ul>\n<li>Ortop\u00e9dico<\/li>\n<li>Resortado<\/li>\n<li>Fimerza: Hard \/ Duro<\/li>\n<li>Soporta hasta 100 Kg. Por persona<\/li>\n<li>Doble Pillow interno<\/li>\n<li>Tela tejido de punto con tratamientos anti\u00e1caros y atial\u00e9rgicos<\/li>\n<\/ul>\n","protected":false},"featured_media":7054,"comment_status":"open","ping_status":"closed","template":"","meta":{"_acf_changed":false,"_joinchat":[]},"product_brand":[685],"product_cat":[622,772],"product_tag":[728,729,725,727,731,726,730],"class_list":{"0":"post-7361","1":"product","2":"type-product","3":"status-publish","4":"has-post-thumbnail","6":"product_brand-1-ao","7":"product_cat-colchones","8":"product_cat-colchones-resortados-colchones","9":"product_tag-colchon-antiacaros","10":"product_tag-colchon-antialergico","11":"product_tag-colchon-ao-premium","12":"product_tag-colchon-doble-pillow","13":"product_tag-colchon-duro-colombia","14":"product_tag-colchon-ortopedico-firme","15":"product_tag-colchon-resortado-ao","17":"first","18":"instock","19":"featured","20":"shipping-taxable","21":"purchasable","22":"product-type-variable"},"acf":[],"_links":{"self":[{"href":"https:\/\/tiendaao.com\/Ecomerce\/wp-json\/wp\/v2\/product\/7361","targetHints":{"allow":["GET"]}}],"collection":[{"href":"https:\/\/tiendaao.com\/Ecomerce\/wp-json\/wp\/v2\/product"}],"about":[{"href":"https:\/\/tiendaao.com\/Ecomerce\/wp-json\/wp\/v2\/types\/product"}],"replies":[{"embeddable":true,"href":"https:\/\/tiendaao.com\/Ecomerce\/wp-json\/wp\/v2\/comments?post=7361"}],"version-history":[{"count":1,"href":"https:\/\/tiendaao.com\/Ecomerce\/wp-json\/wp\/v2\/product\/7361\/revisions"}],"predecessor-version":[{"id":23012,"href":"https:\/\/tiendaao.com\/Ecomerce\/wp-json\/wp\/v2\/product\/7361\/revisions\/23012"}],"wp:featuredmedia":[{"embeddable":true,"href":"https:\/\/tiendaao.com\/Ecomerce\/wp-json\/wp\/v2\/media\/7054"}],"wp:attachment":[{"href":"https:\/\/tiendaao.com\/Ecomerce\/wp-json\/wp\/v2\/media?parent=7361"}],"wp:term":[{"taxonomy":"product_brand","embeddable":true,"href":"https:\/\/tiendaao.com\/Ecomerce\/wp-json\/wp\/v2\/product_brand?post=7361"},{"taxonomy":"product_cat","embeddable":true,"href":"https:\/\/tiendaao.com\/Ecomerce\/wp-json\/wp\/v2\/product_cat?post=7361"},{"taxonomy":"product_tag","embeddable":true,"href":"https:\/\/tiendaao.com\/Ecomerce\/wp-json\/wp\/v2\/product_tag?post=7361"}],"curies":[{"name":"wp","href":"https:\/\/api.w.org\/{rel}","templated":true}]}}