{"id":7362,"date":"2026-02-21T11:40:18","date_gmt":"2026-02-21T16:40:18","guid":{"rendered":"https:\/\/tiendaao.com\/Ecomerce\/producto\/colchon-ortopedico-ao-zeus-con-doble-pillow-externo\/"},"modified":"2026-05-01T01:13:04","modified_gmt":"2026-05-01T06:13:04","slug":"colchon-ortopedico-ao-zeus-con-doble-pillow-externo","status":"publish","type":"product","link":"https:\/\/tiendaao.com\/Ecomerce\/producto\/colchon-ortopedico-ao-zeus-con-doble-pillow-externo\/","title":{"rendered":"Colch\u00f3n Ortop\u00e9dico AO Zeus con doble Pillow externo"},"content":{"rendered":"<p>El colch\u00f3n Zeus combina el confort y la firmeza en un solo lugar, con pillow acolchado en ambos lados es la elecci\u00f3n. Su unidad resortada ortop\u00e9dica permite que el peso de tu cuerpo se distribuya de manera uniforme, mientras que el pillow a\u00f1ade una capa de suavidad y acogida para una sensaci\u00f3n de lujo en ambos lados del colch\u00f3n.<\/p>\n","protected":false},"excerpt":{"rendered":"<ul>\n<li>Ortop&eacute;dico<\/li>\n<li>Resortado<\/li>\n<li>Fimerza: Soft \/ Suave<\/li>\n<li>Soporta hasta 100 Kg. Por persona<\/li>\n<li>Pillow Top superior e inferior<\/li>\n<li>Tela tejido de punto con tratamientos anti&aacute;caros y atial&eacute;rgicos<\/li>\n<\/ul>\n","protected":false},"featured_media":7056,"comment_status":"open","ping_status":"closed","template":"","meta":{"_acf_changed":false,"_joinchat":[]},"product_brand":[685],"product_cat":[622,772],"product_tag":[728,729,756,759,727,757,758],"class_list":{"0":"post-7362","1":"product","2":"type-product","3":"status-publish","4":"has-post-thumbnail","6":"product_brand-1-ao","7":"product_cat-colchones","8":"product_cat-colchones-resortados-colchones","9":"product_tag-colchon-antiacaros","10":"product_tag-colchon-antialergico","11":"product_tag-colchon-ao-zeus","12":"product_tag-colchon-confortable-ao","13":"product_tag-colchon-doble-pillow","14":"product_tag-colchon-ortopedico-suave","15":"product_tag-colchon-resortado-suave","17":"first","18":"instock","19":"shipping-taxable","20":"purchasable","21":"product-type-variable"},"acf":[],"_links":{"self":[{"href":"https:\/\/tiendaao.com\/Ecomerce\/wp-json\/wp\/v2\/product\/7362","targetHints":{"allow":["GET"]}}],"collection":[{"href":"https:\/\/tiendaao.com\/Ecomerce\/wp-json\/wp\/v2\/product"}],"about":[{"href":"https:\/\/tiendaao.com\/Ecomerce\/wp-json\/wp\/v2\/types\/product"}],"replies":[{"embeddable":true,"href":"https:\/\/tiendaao.com\/Ecomerce\/wp-json\/wp\/v2\/comments?post=7362"}],"version-history":[{"count":0,"href":"https:\/\/tiendaao.com\/Ecomerce\/wp-json\/wp\/v2\/product\/7362\/revisions"}],"wp:featuredmedia":[{"embeddable":true,"href":"https:\/\/tiendaao.com\/Ecomerce\/wp-json\/wp\/v2\/media\/7056"}],"wp:attachment":[{"href":"https:\/\/tiendaao.com\/Ecomerce\/wp-json\/wp\/v2\/media?parent=7362"}],"wp:term":[{"taxonomy":"product_brand","embeddable":true,"href":"https:\/\/tiendaao.com\/Ecomerce\/wp-json\/wp\/v2\/product_brand?post=7362"},{"taxonomy":"product_cat","embeddable":true,"href":"https:\/\/tiendaao.com\/Ecomerce\/wp-json\/wp\/v2\/product_cat?post=7362"},{"taxonomy":"product_tag","embeddable":true,"href":"https:\/\/tiendaao.com\/Ecomerce\/wp-json\/wp\/v2\/product_tag?post=7362"}],"curies":[{"name":"wp","href":"https:\/\/api.w.org\/{rel}","templated":true}]}}