{"id":7364,"date":"2026-02-21T11:40:21","date_gmt":"2026-02-21T16:40:21","guid":{"rendered":"https:\/\/tiendaao.com\/Ecomerce\/producto\/colchon-ao-hard-foam-con-nucleo-100-de-espuma-de-alta-densidad\/"},"modified":"2026-04-04T00:08:16","modified_gmt":"2026-04-04T05:08:16","slug":"colchon-ao-hard-foam-con-nucleo-100-de-espuma-de-alta-densidad","status":"publish","type":"product","link":"https:\/\/tiendaao.com\/Ecomerce\/producto\/colchon-ao-hard-foam-con-nucleo-100-de-espuma-de-alta-densidad\/","title":{"rendered":"Colch\u00f3n AO Hard Foam, con n\u00facleo 100% de espuma de alta densidad"},"content":{"rendered":"<p>Disfruta un descanso firme y confortable con el Colch\u00f3n AO Hard Foam, dise\u00f1ado con n\u00facleo 100 % de espuma de alta densidad que brinda soporte ideal para una postura correcta al dormir. Cuenta con 25 cm de altura, tela tejido de punto con tratamientos anti\u00e1caros y antial\u00e9rgicos, y resistencia para mayor durabilidad. C\u00f3mpralo ahora en Tienda AO y renueva tu descanso con calidad.<\/p>\n","protected":false},"excerpt":{"rendered":"<ul>\n<li>Nucleo de Espuma<\/li>\n<li>Altura : 25cm<\/li>\n<li>Fimerza: Hard \/ Duro<\/li>\n<li>Soporta hasta 75 Kg. Por persona<\/li>\n<li>Tela tejido de punto con tratamientos anti\u00e1caros y atial\u00e9rgicos<\/li>\n<\/ul>\n","protected":false},"featured_media":7050,"comment_status":"open","ping_status":"closed","template":"","meta":{"_acf_changed":false,"_joinchat":[]},"product_brand":[685],"product_cat":[622,776],"product_tag":[728,729,766,768,767,745,754,750],"class_list":{"0":"post-7364","1":"product","2":"type-product","3":"status-publish","4":"has-post-thumbnail","6":"product_brand-1-ao","7":"product_cat-colchones","8":"product_cat-colchones-espumados-colchones","9":"product_tag-colchon-antiacaros","10":"product_tag-colchon-antialergico","11":"product_tag-colchon-ao-hard-foam","12":"product_tag-colchon-confortable-y-firme","13":"product_tag-colchon-espuma-25-cm","14":"product_tag-colchon-firme","15":"product_tag-colchon-nucleo-espuma","16":"product_tag-colchon-soporte-75-kg","18":"first","19":"instock","20":"shipping-taxable","21":"purchasable","22":"product-type-variable"},"acf":[],"_links":{"self":[{"href":"https:\/\/tiendaao.com\/Ecomerce\/wp-json\/wp\/v2\/product\/7364","targetHints":{"allow":["GET"]}}],"collection":[{"href":"https:\/\/tiendaao.com\/Ecomerce\/wp-json\/wp\/v2\/product"}],"about":[{"href":"https:\/\/tiendaao.com\/Ecomerce\/wp-json\/wp\/v2\/types\/product"}],"replies":[{"embeddable":true,"href":"https:\/\/tiendaao.com\/Ecomerce\/wp-json\/wp\/v2\/comments?post=7364"}],"version-history":[{"count":3,"href":"https:\/\/tiendaao.com\/Ecomerce\/wp-json\/wp\/v2\/product\/7364\/revisions"}],"predecessor-version":[{"id":23043,"href":"https:\/\/tiendaao.com\/Ecomerce\/wp-json\/wp\/v2\/product\/7364\/revisions\/23043"}],"wp:featuredmedia":[{"embeddable":true,"href":"https:\/\/tiendaao.com\/Ecomerce\/wp-json\/wp\/v2\/media\/7050"}],"wp:attachment":[{"href":"https:\/\/tiendaao.com\/Ecomerce\/wp-json\/wp\/v2\/media?parent=7364"}],"wp:term":[{"taxonomy":"product_brand","embeddable":true,"href":"https:\/\/tiendaao.com\/Ecomerce\/wp-json\/wp\/v2\/product_brand?post=7364"},{"taxonomy":"product_cat","embeddable":true,"href":"https:\/\/tiendaao.com\/Ecomerce\/wp-json\/wp\/v2\/product_cat?post=7364"},{"taxonomy":"product_tag","embeddable":true,"href":"https:\/\/tiendaao.com\/Ecomerce\/wp-json\/wp\/v2\/product_tag?post=7364"}],"curies":[{"name":"wp","href":"https:\/\/api.w.org\/{rel}","templated":true}]}}