{"id":7365,"date":"2026-02-21T11:40:23","date_gmt":"2026-02-21T16:40:23","guid":{"rendered":"https:\/\/tiendaao.com\/Ecomerce\/producto\/colchon-ao-ortho-tech-nucleo-100-de-espuma-de-alta-densidad\/"},"modified":"2026-04-04T00:08:16","modified_gmt":"2026-04-04T05:08:16","slug":"colchon-ao-ortho-tech-nucleo-100-de-espuma-de-alta-densidad","status":"publish","type":"product","link":"https:\/\/tiendaao.com\/Ecomerce\/producto\/colchon-ao-ortho-tech-nucleo-100-de-espuma-de-alta-densidad\/","title":{"rendered":"Colch\u00f3n AO Ortho Tech, n\u00facleo 100% de espuma de alta densidad"},"content":{"rendered":"<p>El colch\u00f3n Ortho Tech con pillow acolchado  en ambos lados, su n\u00facleo en espuma de alta densidad permite  que el peso de tu cuerpo se distribuya de manera uniforme, mientras que el pillow a\u00f1ade una capa de suavidad y acogida para una sensaci\u00f3n de lujo en ambos lados del colch\u00f3n.<\/p>\n","protected":false},"excerpt":{"rendered":"<ul>\n<li>Ortop\u00e9dico<\/li>\n<li>Nucleo de Espuma<\/li>\n<li>Fimerza: Hard\/Duro<\/li>\n<li>Soporta hasta 100 Kg. Por persona.<\/li>\n<li>Tela tejido de punto con tratamientos anti\u00e1caros y atial\u00e9rgicos<\/li>\n<\/ul>\n","protected":false},"featured_media":7052,"comment_status":"open","ping_status":"closed","template":"","meta":{"_acf_changed":false,"_joinchat":[]},"product_brand":[685],"product_cat":[622,776],"product_tag":[729,1853,727,745,1851,1852,1856,723,1855,1854,1857],"class_list":{"0":"post-7365","1":"product","2":"type-product","3":"status-publish","4":"has-post-thumbnail","6":"product_brand-1-ao","7":"product_cat-colchones","8":"product_cat-colchones-espumados-colchones","9":"product_tag-colchon-antialergico","10":"product_tag-colchon-de-alta-densidad","11":"product_tag-colchon-doble-pillow","12":"product_tag-colchon-firme","13":"product_tag-colchon-ortho-tech","14":"product_tag-colchon-ortopedico","15":"product_tag-colchon-para-cuidado-de-la-columna","16":"product_tag-colchon-para-descanso-profundo","17":"product_tag-colchon-para-dolor-de-espalda","18":"product_tag-colchon-soporte-firme","19":"product_tag-colchones-tienda-ao","21":"first","22":"instock","23":"shipping-taxable","24":"purchasable","25":"product-type-variable"},"acf":[],"_links":{"self":[{"href":"https:\/\/tiendaao.com\/Ecomerce\/wp-json\/wp\/v2\/product\/7365","targetHints":{"allow":["GET"]}}],"collection":[{"href":"https:\/\/tiendaao.com\/Ecomerce\/wp-json\/wp\/v2\/product"}],"about":[{"href":"https:\/\/tiendaao.com\/Ecomerce\/wp-json\/wp\/v2\/types\/product"}],"replies":[{"embeddable":true,"href":"https:\/\/tiendaao.com\/Ecomerce\/wp-json\/wp\/v2\/comments?post=7365"}],"version-history":[{"count":2,"href":"https:\/\/tiendaao.com\/Ecomerce\/wp-json\/wp\/v2\/product\/7365\/revisions"}],"predecessor-version":[{"id":7808,"href":"https:\/\/tiendaao.com\/Ecomerce\/wp-json\/wp\/v2\/product\/7365\/revisions\/7808"}],"wp:featuredmedia":[{"embeddable":true,"href":"https:\/\/tiendaao.com\/Ecomerce\/wp-json\/wp\/v2\/media\/7052"}],"wp:attachment":[{"href":"https:\/\/tiendaao.com\/Ecomerce\/wp-json\/wp\/v2\/media?parent=7365"}],"wp:term":[{"taxonomy":"product_brand","embeddable":true,"href":"https:\/\/tiendaao.com\/Ecomerce\/wp-json\/wp\/v2\/product_brand?post=7365"},{"taxonomy":"product_cat","embeddable":true,"href":"https:\/\/tiendaao.com\/Ecomerce\/wp-json\/wp\/v2\/product_cat?post=7365"},{"taxonomy":"product_tag","embeddable":true,"href":"https:\/\/tiendaao.com\/Ecomerce\/wp-json\/wp\/v2\/product_tag?post=7365"}],"curies":[{"name":"wp","href":"https:\/\/api.w.org\/{rel}","templated":true}]}}