{"id":7366,"date":"2026-02-21T11:40:25","date_gmt":"2026-02-21T16:40:25","guid":{"rendered":"https:\/\/tiendaao.com\/Ecomerce\/producto\/colchon-ao-core-form-plus-nucleo-100-de-espuma-de-alta-densidad-con-firmeza-hard-dura\/"},"modified":"2026-04-04T00:08:15","modified_gmt":"2026-04-04T05:08:15","slug":"colchon-ao-core-form-plus-nucleo-100-de-espuma-de-alta-densidad-con-firmeza-hard-dura","status":"publish","type":"product","link":"https:\/\/tiendaao.com\/Ecomerce\/producto\/colchon-ao-core-form-plus-nucleo-100-de-espuma-de-alta-densidad-con-firmeza-hard-dura\/","title":{"rendered":"Colch\u00f3n AO Core Form Plus, n\u00facleo 100% de espuma de alta densidad con Firmeza Hard\/Dura"},"content":{"rendered":"<p>El colch\u00f3n Core Form Plus  combina el confort y la alta firmeza en un solo lugar,  con pillow acolchado  en ambos lados. Su nucleo en espuma de alta densidad y cassata permite  que el peso de tu cuerpo se distribuya de manera uniforme, mientras que el pillow a\u00f1ade una capa de suavidad y acogida para una sensaci\u00f3n de lujo en ambos lados del colch\u00f3n.<\/p>\n","protected":false},"excerpt":{"rendered":"<ul>\n<li>Ortop\u00e9dico<\/li>\n<li>Nucleo de Espuma<\/li>\n<li>Fimerza: Hard \/ Duro<\/li>\n<li>Soporta hasta 100 Kg. Por persona.<\/li>\n<li>Tela tejido de punto con tratamientos anti\u00e1caros y atial\u00e9rgicos<\/li>\n<\/ul>\n","protected":false},"featured_media":7048,"comment_status":"open","ping_status":"closed","template":"","meta":{"_acf_changed":false,"_joinchat":[]},"product_brand":[685],"product_cat":[622,776],"product_tag":[729,1858,1853,1859,1862,745,1865,1863,1852,1861,1864,1860,1857],"class_list":{"0":"post-7366","1":"product","2":"type-product","3":"status-publish","4":"has-post-thumbnail","6":"product_brand-1-ao","7":"product_cat-colchones","8":"product_cat-colchones-espumados-colchones","9":"product_tag-colchon-antialergico","10":"product_tag-colchon-core-form-plus","11":"product_tag-colchon-de-alta-densidad","12":"product_tag-colchon-doble-pillow-top","13":"product_tag-colchon-espuma-alta-densidad","14":"product_tag-colchon-firme","15":"product_tag-colchon-king","16":"product_tag-colchon-matrimonial","17":"product_tag-colchon-ortopedico","18":"product_tag-colchon-para-la-espalda","19":"product_tag-colchon-queen","20":"product_tag-colchon-soporte-duro","21":"product_tag-colchones-tienda-ao","23":"first","24":"instock","25":"shipping-taxable","26":"purchasable","27":"product-type-variable"},"acf":[],"_links":{"self":[{"href":"https:\/\/tiendaao.com\/Ecomerce\/wp-json\/wp\/v2\/product\/7366","targetHints":{"allow":["GET"]}}],"collection":[{"href":"https:\/\/tiendaao.com\/Ecomerce\/wp-json\/wp\/v2\/product"}],"about":[{"href":"https:\/\/tiendaao.com\/Ecomerce\/wp-json\/wp\/v2\/types\/product"}],"replies":[{"embeddable":true,"href":"https:\/\/tiendaao.com\/Ecomerce\/wp-json\/wp\/v2\/comments?post=7366"}],"version-history":[{"count":1,"href":"https:\/\/tiendaao.com\/Ecomerce\/wp-json\/wp\/v2\/product\/7366\/revisions"}],"predecessor-version":[{"id":7410,"href":"https:\/\/tiendaao.com\/Ecomerce\/wp-json\/wp\/v2\/product\/7366\/revisions\/7410"}],"wp:featuredmedia":[{"embeddable":true,"href":"https:\/\/tiendaao.com\/Ecomerce\/wp-json\/wp\/v2\/media\/7048"}],"wp:attachment":[{"href":"https:\/\/tiendaao.com\/Ecomerce\/wp-json\/wp\/v2\/media?parent=7366"}],"wp:term":[{"taxonomy":"product_brand","embeddable":true,"href":"https:\/\/tiendaao.com\/Ecomerce\/wp-json\/wp\/v2\/product_brand?post=7366"},{"taxonomy":"product_cat","embeddable":true,"href":"https:\/\/tiendaao.com\/Ecomerce\/wp-json\/wp\/v2\/product_cat?post=7366"},{"taxonomy":"product_tag","embeddable":true,"href":"https:\/\/tiendaao.com\/Ecomerce\/wp-json\/wp\/v2\/product_tag?post=7366"}],"curies":[{"name":"wp","href":"https:\/\/api.w.org\/{rel}","templated":true}]}}