{"id":7423,"date":"2026-02-21T16:39:17","date_gmt":"2026-02-21T21:39:17","guid":{"rendered":"https:\/\/tiendaao.com\/Ecomerce\/?post_type=product&#038;p=7423"},"modified":"2026-04-04T00:08:14","modified_gmt":"2026-04-04T05:08:14","slug":"nevera-convencional-235l-mabe-rmu235nacu","status":"publish","type":"product","link":"https:\/\/tiendaao.com\/Ecomerce\/producto\/nevera-convencional-235l-mabe-rmu235nacu\/","title":{"rendered":"Nevera Convencional 235L Mabe | RMU235NACU"},"content":{"rendered":"<p>Descubre la elegante y eficiente nevera Mabe RMU235NACU de 235 L brutos (229 L netos), con acabado en acero inoxidable ideal para tu hogar. Gracias a su tecnolog\u00eda Home Energy Saver, ahorra hasta un 67 % de energ\u00eda. Incluye dispensador de agua removible de 2 L, bandejas de cristal templado, caj\u00f3n para frutas y verduras con topes de seguridad y sistema de escarcha inteligente que enfr\u00eda m\u00e1s r\u00e1pido.<\/p>\n","protected":false},"excerpt":{"rendered":"<ul>\n<li>Despachador de agua 2 L<\/li>\n<li>1 anaquel para botellas<\/li>\n<li>2 bandejas de cristal templado<\/li>\n<li>Jaladera tipo Pocket<\/li>\n<li>Bandeja para carnes fr\u00edas<\/li>\n<\/ul>\n","protected":false},"featured_media":5593,"comment_status":"open","ping_status":"closed","template":"","meta":{"_acf_changed":false,"_joinchat":[]},"product_brand":[789],"product_cat":[597,599,598],"product_tag":[],"class_list":{"0":"post-7423","1":"product","2":"type-product","3":"status-publish","4":"has-post-thumbnail","6":"product_brand-3-mabe","7":"product_cat-electrohogar","8":"product_cat-neveras","9":"product_cat-refrigeracion-electrohogar","11":"first","12":"instock","13":"shipping-taxable","14":"purchasable","15":"product-type-simple"},"acf":[],"_links":{"self":[{"href":"https:\/\/tiendaao.com\/Ecomerce\/wp-json\/wp\/v2\/product\/7423","targetHints":{"allow":["GET"]}}],"collection":[{"href":"https:\/\/tiendaao.com\/Ecomerce\/wp-json\/wp\/v2\/product"}],"about":[{"href":"https:\/\/tiendaao.com\/Ecomerce\/wp-json\/wp\/v2\/types\/product"}],"replies":[{"embeddable":true,"href":"https:\/\/tiendaao.com\/Ecomerce\/wp-json\/wp\/v2\/comments?post=7423"}],"version-history":[{"count":1,"href":"https:\/\/tiendaao.com\/Ecomerce\/wp-json\/wp\/v2\/product\/7423\/revisions"}],"predecessor-version":[{"id":7424,"href":"https:\/\/tiendaao.com\/Ecomerce\/wp-json\/wp\/v2\/product\/7423\/revisions\/7424"}],"wp:featuredmedia":[{"embeddable":true,"href":"https:\/\/tiendaao.com\/Ecomerce\/wp-json\/wp\/v2\/media\/5593"}],"wp:attachment":[{"href":"https:\/\/tiendaao.com\/Ecomerce\/wp-json\/wp\/v2\/media?parent=7423"}],"wp:term":[{"taxonomy":"product_brand","embeddable":true,"href":"https:\/\/tiendaao.com\/Ecomerce\/wp-json\/wp\/v2\/product_brand?post=7423"},{"taxonomy":"product_cat","embeddable":true,"href":"https:\/\/tiendaao.com\/Ecomerce\/wp-json\/wp\/v2\/product_cat?post=7423"},{"taxonomy":"product_tag","embeddable":true,"href":"https:\/\/tiendaao.com\/Ecomerce\/wp-json\/wp\/v2\/product_tag?post=7423"}],"curies":[{"name":"wp","href":"https:\/\/api.w.org\/{rel}","templated":true}]}}