{"id":7785,"date":"2026-02-28T10:34:48","date_gmt":"2026-02-28T15:34:48","guid":{"rendered":"https:\/\/tiendaao.com\/Ecomerce\/producto\/combo-colchon-active-resortado-140-x-190-cm-somier-negro-140-x-190-cm\/"},"modified":"2026-02-28T10:34:51","modified_gmt":"2026-02-28T15:34:51","slug":"combo-colchon-active-resortado-140-x-190-cm-somier-negro-140-x-190-cm","status":"publish","type":"product","link":"https:\/\/tiendaao.com\/Ecomerce\/producto\/combo-colchon-active-resortado-140-x-190-cm-somier-negro-140-x-190-cm\/","title":{"rendered":"Combo Colch\u00f3n Active resortado 140 x 190 cm  + Somier negro 140 x 190 cm"},"content":{"rendered":"<p>Nuestro Colch\u00f3n Active Ofrece una serie de caracter\u00edsticas como la elasticidad. resistencia y firmeza. atributos que est\u00e1n en niveles \u00f3ptimos para garantizar un excelente desempe\u00f1o. cuenta con un Pillow superior que garantiza el m\u00e1ximo confort. \u00fasalo por una sola cara y alarga su vida \u00fatil gir\u00e1ndolo peri\u00f3dicamente.  Incluye somier AO en madera cepillada. seca e inmunizada con tapizado en ecocuero negro y patas de polipropileno de alta resistencia que no se oxidan.<\/p>\n<p>Resistencia. dise\u00f1o y confort en un solo combo.<\/p>\n","protected":false},"excerpt":{"rendered":"<ul>\n<li>Ortop\u00e9dico<\/li>\n<li>Resortado<\/li>\n<li>Fimerza: Medium \/ Media<\/li>\n<li>Soporta hasta 100 Kg. Por persona<\/li>\n<li>Pillow top Superior interno<\/li>\n<li>Incluye: Somier tapizado negro<\/li>\n<\/ul>\n","protected":false},"featured_media":7697,"comment_status":"open","ping_status":"closed","template":"","meta":{"_acf_changed":false,"_joinchat":[]},"product_brand":[],"product_cat":[622,624],"product_tag":[2091,2084,2086,2087,2092,2093,745,2085,2095,2094,2088,2089,2090],"class_list":{"0":"post-7785","1":"product","2":"type-product","3":"status-publish","4":"has-post-thumbnail","6":"product_cat-colchones","7":"product_cat-combo-colchones","8":"product_tag-base-para-colchon-resistente","9":"product_tag-colchon-active","10":"product_tag-colchon-active-con-somier","11":"product_tag-colchon-con-pillow-superior","12":"product_tag-colchon-de-una-sola-cara","13":"product_tag-colchon-duradero","14":"product_tag-colchon-firme","15":"product_tag-combo-colchon-y-somier","16":"product_tag-combo-colchon-y-somier-resistente","17":"product_tag-descanso-confortable","18":"product_tag-somier-ao","19":"product_tag-somier-en-madera-inmunizada","20":"product_tag-somier-tapizado-en-ecocuero-negro","22":"first","23":"instock","24":"sale","25":"shipping-taxable","26":"purchasable","27":"product-type-simple"},"acf":[],"_links":{"self":[{"href":"https:\/\/tiendaao.com\/Ecomerce\/wp-json\/wp\/v2\/product\/7785","targetHints":{"allow":["GET"]}}],"collection":[{"href":"https:\/\/tiendaao.com\/Ecomerce\/wp-json\/wp\/v2\/product"}],"about":[{"href":"https:\/\/tiendaao.com\/Ecomerce\/wp-json\/wp\/v2\/types\/product"}],"replies":[{"embeddable":true,"href":"https:\/\/tiendaao.com\/Ecomerce\/wp-json\/wp\/v2\/comments?post=7785"}],"version-history":[{"count":0,"href":"https:\/\/tiendaao.com\/Ecomerce\/wp-json\/wp\/v2\/product\/7785\/revisions"}],"wp:featuredmedia":[{"embeddable":true,"href":"https:\/\/tiendaao.com\/Ecomerce\/wp-json\/wp\/v2\/media\/7697"}],"wp:attachment":[{"href":"https:\/\/tiendaao.com\/Ecomerce\/wp-json\/wp\/v2\/media?parent=7785"}],"wp:term":[{"taxonomy":"product_brand","embeddable":true,"href":"https:\/\/tiendaao.com\/Ecomerce\/wp-json\/wp\/v2\/product_brand?post=7785"},{"taxonomy":"product_cat","embeddable":true,"href":"https:\/\/tiendaao.com\/Ecomerce\/wp-json\/wp\/v2\/product_cat?post=7785"},{"taxonomy":"product_tag","embeddable":true,"href":"https:\/\/tiendaao.com\/Ecomerce\/wp-json\/wp\/v2\/product_tag?post=7785"}],"curies":[{"name":"wp","href":"https:\/\/api.w.org\/{rel}","templated":true}]}}