{"id":7787,"date":"2026-02-28T10:34:54","date_gmt":"2026-02-28T15:34:54","guid":{"rendered":"https:\/\/tiendaao.com\/Ecomerce\/producto\/estufa-de-piso-a-gas-76-cm-inox-mabe-emc5150snx1\/"},"modified":"2026-02-28T10:34:56","modified_gmt":"2026-02-28T15:34:56","slug":"estufa-de-piso-a-gas-76-cm-inox-mabe-emc5150snx1","status":"publish","type":"product","link":"https:\/\/tiendaao.com\/Ecomerce\/producto\/estufa-de-piso-a-gas-76-cm-inox-mabe-emc5150snx1\/","title":{"rendered":"Estufa de piso a Gas 76 cm Inox Mabe | EMC5150SNX1"},"content":{"rendered":"<p>La estufa de piso a gas Mabe EMC5150SNX1 de 52 cm en acero inoxidable ofrece cocci\u00f3n eficiente y uniforme con quemadores potentes y dise\u00f1o moderno f\u00e1cil de limpiar. Ideal para cocinas familiares. combina rendimiento. durabilidad y confort. haciendo que preparar tus comidas sea m\u00e1s r\u00e1pido y c\u00f3modo. Dale estilo a tu cocina con calidad Mabe. C\u00f3mprala en Tienda AO.<\/p>\n","protected":false},"excerpt":{"rendered":"<ul>\n<li>Gas natural<\/li>\n<li>Copete de cristal templado acabado espejo<\/li>\n<li>2 parrillas superiores de fundici\u00f3n<\/li>\n<li>Cubierta sellada de acero inoxidable<\/li>\n<li>Encendido electr\u00f3nico por bot\u00f3n<\/li>\n<\/ul>\n","protected":false},"featured_media":7694,"comment_status":"open","ping_status":"closed","template":"","meta":{"_acf_changed":false,"_joinchat":[]},"product_brand":[],"product_cat":[631,597],"product_tag":[2111,2109,2104,2108,2102,2106,2096,2110,2112,2107,2101],"class_list":{"0":"post-7787","1":"product","2":"type-product","3":"status-publish","4":"has-post-thumbnail","6":"product_cat-cocina","7":"product_cat-electrohogar","8":"product_tag-cocina-a-gas-inoxidable","9":"product_tag-cocina-de-gas-mabe","10":"product_tag-electrodomesticos-tienda-ao","11":"product_tag-estufa-a-gas-moderna","12":"product_tag-estufa-con-multiples-quemadores","13":"product_tag-estufa-de-gas-52-cm","14":"product_tag-estufa-de-piso-a-gas","15":"product_tag-estufa-eficiente-y-duradera","16":"product_tag-estufa-funcional-de-cocina","17":"product_tag-estufa-mabe-inox","18":"product_tag-estufa-para-hogar","20":"first","21":"instock","22":"sale","23":"featured","24":"shipping-taxable","25":"purchasable","26":"product-type-simple"},"acf":[],"_links":{"self":[{"href":"https:\/\/tiendaao.com\/Ecomerce\/wp-json\/wp\/v2\/product\/7787","targetHints":{"allow":["GET"]}}],"collection":[{"href":"https:\/\/tiendaao.com\/Ecomerce\/wp-json\/wp\/v2\/product"}],"about":[{"href":"https:\/\/tiendaao.com\/Ecomerce\/wp-json\/wp\/v2\/types\/product"}],"replies":[{"embeddable":true,"href":"https:\/\/tiendaao.com\/Ecomerce\/wp-json\/wp\/v2\/comments?post=7787"}],"version-history":[{"count":0,"href":"https:\/\/tiendaao.com\/Ecomerce\/wp-json\/wp\/v2\/product\/7787\/revisions"}],"wp:featuredmedia":[{"embeddable":true,"href":"https:\/\/tiendaao.com\/Ecomerce\/wp-json\/wp\/v2\/media\/7694"}],"wp:attachment":[{"href":"https:\/\/tiendaao.com\/Ecomerce\/wp-json\/wp\/v2\/media?parent=7787"}],"wp:term":[{"taxonomy":"product_brand","embeddable":true,"href":"https:\/\/tiendaao.com\/Ecomerce\/wp-json\/wp\/v2\/product_brand?post=7787"},{"taxonomy":"product_cat","embeddable":true,"href":"https:\/\/tiendaao.com\/Ecomerce\/wp-json\/wp\/v2\/product_cat?post=7787"},{"taxonomy":"product_tag","embeddable":true,"href":"https:\/\/tiendaao.com\/Ecomerce\/wp-json\/wp\/v2\/product_tag?post=7787"}],"curies":[{"name":"wp","href":"https:\/\/api.w.org\/{rel}","templated":true}]}}