{"id":7790,"date":"2026-02-28T10:35:00","date_gmt":"2026-02-28T15:35:00","guid":{"rendered":"https:\/\/tiendaao.com\/Ecomerce\/producto\/nevera-no-frost-247l-mabe-rma247fjcg\/"},"modified":"2026-03-04T22:28:45","modified_gmt":"2026-03-05T03:28:45","slug":"nevera-no-frost-247l-mabe-rma247fjcg","status":"publish","type":"product","link":"https:\/\/tiendaao.com\/Ecomerce\/producto\/nevera-no-frost-247l-mabe-rma247fjcg\/","title":{"rendered":"Nevera No Frost 247L Mabe | RMA247FJCG"},"content":{"rendered":"<p>La Nevera Mabe No Frost 247L Grafito RMA247FJCG combina eficiencia y dise\u00f1o moderno. Su sistema No Frost evita la formaci\u00f3n de escarcha. manteniendo los alimentos frescos por m\u00e1s tiempo. Incluye tecnolog\u00eda Home Energy Saver. bandejas de vidrio templado. y control de temperatura manual. Con espacio inteligente y ahorro de energ\u00eda. es ideal para hogares que buscan rendimiento. estilo y durabilidad.<\/p>\n","protected":false},"excerpt":{"rendered":"<ul>\n<li>Ahorro de energ\u00eda. mejor conservaci\u00f3n y mayor frescura de alimentos. gracias a su Tecnolog\u00eda Home Energy Saver.<\/li>\n<li>2 bandejas de cristal templado<\/li>\n<li>Conserva tus alimentos frescos por m\u00e1s tiempo con Total Fresh Flow.<\/li>\n<li>Jaladera tipo Full Grip<\/li>\n<li>Mayor capacidad interior para almacenar todos tus<br \/>\nalimentos.<\/li>\n<\/ul>\n","protected":false},"featured_media":7690,"comment_status":"open","ping_status":"closed","template":"","meta":{"_acf_changed":false,"_joinchat":[]},"product_brand":[],"product_cat":[597,599],"product_tag":[2104,2146,2142,1257,2147,2141,2143,893,892,2148,2145,2140,2144],"class_list":{"0":"post-7790","1":"product","2":"type-product","3":"status-publish","4":"has-post-thumbnail","6":"product_cat-electrohogar","7":"product_cat-neveras","8":"product_tag-electrodomesticos-tienda-ao","9":"product_tag-mabe-rma247fjcg","10":"product_tag-nevera-con-cristal-templado","11":"product_tag-nevera-con-dispensador-de-agua","12":"product_tag-nevera-con-ice-twist","13":"product_tag-nevera-eficiente-energia","14":"product_tag-nevera-hogar-mediano","15":"product_tag-nevera-mabe-247-l","16":"product_tag-nevera-no-frost","17":"product_tag-refrigerador-con-ahorro-energetico","18":"product_tag-refrigerador-con-total-fresh-flow","19":"product_tag-refrigerador-grafito","20":"product_tag-refrigerador-no-frost-247-litros","22":"first","23":"instock","24":"sale","25":"shipping-taxable","26":"purchasable","27":"product-type-simple"},"acf":[],"_links":{"self":[{"href":"https:\/\/tiendaao.com\/Ecomerce\/wp-json\/wp\/v2\/product\/7790","targetHints":{"allow":["GET"]}}],"collection":[{"href":"https:\/\/tiendaao.com\/Ecomerce\/wp-json\/wp\/v2\/product"}],"about":[{"href":"https:\/\/tiendaao.com\/Ecomerce\/wp-json\/wp\/v2\/types\/product"}],"replies":[{"embeddable":true,"href":"https:\/\/tiendaao.com\/Ecomerce\/wp-json\/wp\/v2\/comments?post=7790"}],"version-history":[{"count":2,"href":"https:\/\/tiendaao.com\/Ecomerce\/wp-json\/wp\/v2\/product\/7790\/revisions"}],"predecessor-version":[{"id":7907,"href":"https:\/\/tiendaao.com\/Ecomerce\/wp-json\/wp\/v2\/product\/7790\/revisions\/7907"}],"wp:featuredmedia":[{"embeddable":true,"href":"https:\/\/tiendaao.com\/Ecomerce\/wp-json\/wp\/v2\/media\/7690"}],"wp:attachment":[{"href":"https:\/\/tiendaao.com\/Ecomerce\/wp-json\/wp\/v2\/media?parent=7790"}],"wp:term":[{"taxonomy":"product_brand","embeddable":true,"href":"https:\/\/tiendaao.com\/Ecomerce\/wp-json\/wp\/v2\/product_brand?post=7790"},{"taxonomy":"product_cat","embeddable":true,"href":"https:\/\/tiendaao.com\/Ecomerce\/wp-json\/wp\/v2\/product_cat?post=7790"},{"taxonomy":"product_tag","embeddable":true,"href":"https:\/\/tiendaao.com\/Ecomerce\/wp-json\/wp\/v2\/product_tag?post=7790"}],"curies":[{"name":"wp","href":"https:\/\/api.w.org\/{rel}","templated":true}]}}