{"id":7791,"date":"2026-02-28T10:35:03","date_gmt":"2026-02-28T15:35:03","guid":{"rendered":"https:\/\/tiendaao.com\/Ecomerce\/producto\/nevera-convencional-320l-mabe-rmc320facg\/"},"modified":"2026-03-13T11:43:31","modified_gmt":"2026-03-13T16:43:31","slug":"nevera-convencional-320l-mabe-rmc320facg","status":"publish","type":"product","link":"https:\/\/tiendaao.com\/Ecomerce\/producto\/nevera-convencional-320l-mabe-rmc320facg\/","title":{"rendered":"Nevera Convencional 320L Mabe | RMC320FACG"},"content":{"rendered":"<p>La Nevera\u202fMabe\u202fRMC320FACG en color grafito es una opci\u00f3n funcional y moderna para tu hogar. Cuenta con una capacidad de 320 litros brutos. sistema Cycle D-Frost que enfr\u00eda hasta un 25 % m\u00e1s r\u00e1pido gracias a sus dos evaporadores.<br \/>\nIncluye un dispensador de agua removible de 2 litros. que facilita su limpieza.<br \/>\nSu superficie en l\u00e1mina grafito protege frente a corrosi\u00f3n y rayaduras. adem\u00e1s de ofrecer un dise\u00f1o vanguardista.<br \/>\nLas parrillas de alambr\u00f3n est\u00e1n dise\u00f1adas para distribuir mejor el flujo de aire. y el caj\u00f3n de frutas y verduras conserva frescura gracias a su nivel de humedad controlado.<\/p>\n","protected":false},"excerpt":{"rendered":"<ul>\n<li>Capacidad de 320 L brutos.<\/li>\n<li>Sistema Cycle D-Frost que enfr\u00eda 25 % m\u00e1s r\u00e1pido.<\/li>\n<li>Dispensador de agua removible de 2 L.<\/li>\n<li>Dise\u00f1o grafito resistente y moderno.<\/li>\n<li>Eficiencia energ\u00e9tica para menor consumo.<\/li>\n<\/ul>\n","protected":false},"featured_media":7688,"comment_status":"open","ping_status":"closed","template":"","meta":{"_acf_changed":false,"_joinchat":[]},"product_brand":[789],"product_cat":[597,599],"product_tag":[2104,2161,2158,1282,2157,2164,1278,2162,2163,2160,2159],"class_list":{"0":"post-7791","1":"product","2":"type-product","3":"status-publish","4":"has-post-thumbnail","6":"product_brand-3-mabe","7":"product_cat-electrohogar","8":"product_cat-neveras","9":"product_tag-electrodomesticos-tienda-ao","10":"product_tag-mabe-rmc320facg","11":"product_tag-nevera-convencional-grafito","12":"product_tag-nevera-escarcha-inteligente","13":"product_tag-nevera-mabe-320-l","14":"product_tag-nevera-moderna-gris","15":"product_tag-nevera-para-hogar","16":"product_tag-nevera-spacious","17":"product_tag-refrigerador-eficiencia","18":"product_tag-refrigerador-funcional","19":"product_tag-refrigerador-gran-capacidad","21":"first","22":"instock","23":"sale","24":"shipping-taxable","25":"purchasable","26":"product-type-simple"},"acf":[],"_links":{"self":[{"href":"https:\/\/tiendaao.com\/Ecomerce\/wp-json\/wp\/v2\/product\/7791","targetHints":{"allow":["GET"]}}],"collection":[{"href":"https:\/\/tiendaao.com\/Ecomerce\/wp-json\/wp\/v2\/product"}],"about":[{"href":"https:\/\/tiendaao.com\/Ecomerce\/wp-json\/wp\/v2\/types\/product"}],"replies":[{"embeddable":true,"href":"https:\/\/tiendaao.com\/Ecomerce\/wp-json\/wp\/v2\/comments?post=7791"}],"version-history":[{"count":1,"href":"https:\/\/tiendaao.com\/Ecomerce\/wp-json\/wp\/v2\/product\/7791\/revisions"}],"predecessor-version":[{"id":23090,"href":"https:\/\/tiendaao.com\/Ecomerce\/wp-json\/wp\/v2\/product\/7791\/revisions\/23090"}],"wp:featuredmedia":[{"embeddable":true,"href":"https:\/\/tiendaao.com\/Ecomerce\/wp-json\/wp\/v2\/media\/7688"}],"wp:attachment":[{"href":"https:\/\/tiendaao.com\/Ecomerce\/wp-json\/wp\/v2\/media?parent=7791"}],"wp:term":[{"taxonomy":"product_brand","embeddable":true,"href":"https:\/\/tiendaao.com\/Ecomerce\/wp-json\/wp\/v2\/product_brand?post=7791"},{"taxonomy":"product_cat","embeddable":true,"href":"https:\/\/tiendaao.com\/Ecomerce\/wp-json\/wp\/v2\/product_cat?post=7791"},{"taxonomy":"product_tag","embeddable":true,"href":"https:\/\/tiendaao.com\/Ecomerce\/wp-json\/wp\/v2\/product_tag?post=7791"}],"curies":[{"name":"wp","href":"https:\/\/api.w.org\/{rel}","templated":true}]}}