{"id":7792,"date":"2026-02-28T10:35:05","date_gmt":"2026-02-28T15:35:05","guid":{"rendered":"https:\/\/tiendaao.com\/Ecomerce\/producto\/nevera-no-frost-415l-mabe-rmp415gcg\/"},"modified":"2026-02-28T10:35:08","modified_gmt":"2026-02-28T15:35:08","slug":"nevera-no-frost-415l-mabe-rmp415gcg","status":"publish","type":"product","link":"https:\/\/tiendaao.com\/Ecomerce\/producto\/nevera-no-frost-415l-mabe-rmp415gcg\/","title":{"rendered":"Nevera No Frost 415L Mabe | RMP415GCG"},"content":{"rendered":"<p>La Nevera Mabe No Frost 415 L Brutos Grafito modelo RMP415GCG ofrece amplia capacidad con 415 L brutos \/ 394 L netos. en elegante color grafito. Incorpora tecnolog\u00eda Home Energy Saver para mayor eficiencia energ\u00e9tica. y sistema Total Fresh Flow que ayuda a conservar los alimentos frescos por m\u00e1s tiempo. Destaca por su jaladera tipo pocket vertical. dispensador de agua de 2 L. bandejas de vidrio templado. caj\u00f3n \u201cCool Zone\u201d y luz LED interior.<\/p>\n","protected":false},"excerpt":{"rendered":"<ul>\n<li> Ahorro de energ\u00eda. mejor conservaci\u00f3n y mayor frescura de alimentos. gracias a su Tecnolog\u00eda Home Energy Saver.<\/li>\n<li> Despachador de agua 2 L<\/li>\n<li> Conserva tus alimentos frescos por m\u00e1s tiempo con Total Fresh Flow.<\/li>\n<li> Cool Zone<\/li>\n<li> Mayor capacidad interior para almacenar todos tus<br \/>\nalimentos.<\/li>\n","protected":false},"featured_media":7692,"comment_status":"open","ping_status":"closed","template":"","meta":{"_acf_changed":false,"_joinchat":[]},"product_brand":[],"product_cat":[597,599],"product_tag":[2104,2176,1584,1257,2173,1582,2171,2172,2175,2170,2140,2174],"class_list":{"0":"post-7792","1":"product","2":"type-product","3":"status-publish","4":"has-post-thumbnail","6":"product_cat-electrohogar","7":"product_cat-neveras","8":"product_tag-electrodomesticos-tienda-ao","9":"product_tag-mabe-rmp415gcg","10":"product_tag-nevera-alta-capacidad","11":"product_tag-nevera-con-dispensador-de-agua","12":"product_tag-nevera-con-total-fresh-flow","13":"product_tag-nevera-grande-para-hogar","14":"product_tag-nevera-mabe-415-l","15":"product_tag-nevera-no-frost-415-litros","16":"product_tag-refrigerador-con-sistema-sin-escarcha","17":"product_tag-refrigerador-eficiente-energia","18":"product_tag-refrigerador-grafito","19":"product_tag-refrigerador-no-frost-mabe","21":"first","22":"instock","23":"sale","24":"shipping-taxable","25":"purchasable","26":"product-type-simple"},"acf":[],"_links":{"self":[{"href":"https:\/\/tiendaao.com\/Ecomerce\/wp-json\/wp\/v2\/product\/7792","targetHints":{"allow":["GET"]}}],"collection":[{"href":"https:\/\/tiendaao.com\/Ecomerce\/wp-json\/wp\/v2\/product"}],"about":[{"href":"https:\/\/tiendaao.com\/Ecomerce\/wp-json\/wp\/v2\/types\/product"}],"replies":[{"embeddable":true,"href":"https:\/\/tiendaao.com\/Ecomerce\/wp-json\/wp\/v2\/comments?post=7792"}],"version-history":[{"count":0,"href":"https:\/\/tiendaao.com\/Ecomerce\/wp-json\/wp\/v2\/product\/7792\/revisions"}],"wp:featuredmedia":[{"embeddable":true,"href":"https:\/\/tiendaao.com\/Ecomerce\/wp-json\/wp\/v2\/media\/7692"}],"wp:attachment":[{"href":"https:\/\/tiendaao.com\/Ecomerce\/wp-json\/wp\/v2\/media?parent=7792"}],"wp:term":[{"taxonomy":"product_brand","embeddable":true,"href":"https:\/\/tiendaao.com\/Ecomerce\/wp-json\/wp\/v2\/product_brand?post=7792"},{"taxonomy":"product_cat","embeddable":true,"href":"https:\/\/tiendaao.com\/Ecomerce\/wp-json\/wp\/v2\/product_cat?post=7792"},{"taxonomy":"product_tag","embeddable":true,"href":"https:\/\/tiendaao.com\/Ecomerce\/wp-json\/wp\/v2\/product_tag?post=7792"}],"curies":[{"name":"wp","href":"https:\/\/api.w.org\/{rel}","templated":true}]}}