{"id":7795,"date":"2026-02-28T11:10:26","date_gmt":"2026-02-28T16:10:26","guid":{"rendered":"https:\/\/tiendaao.com\/Ecomerce\/producto\/nevera-no-frost-313l-mabe-rma313fxcc\/"},"modified":"2026-02-28T11:10:27","modified_gmt":"2026-02-28T16:10:27","slug":"nevera-no-frost-313l-mabe-rma313fxcc","status":"publish","type":"product","link":"https:\/\/tiendaao.com\/Ecomerce\/producto\/nevera-no-frost-313l-mabe-rma313fxcc\/","title":{"rendered":"Nevera No Frost 313L Mabe | RMA313FXCC"},"content":{"rendered":"<p>Disfruta de la frescura y el dise\u00f1o moderno de la nevera Mabe No Frost de 313 L. Su compresor Eco Advance y gas R600a ofrecen hasta 67 % de ahorro de energ\u00eda. Mant\u00e9n tus alimentos por m\u00e1s tiempo con el sistema Total Fresh Flow. Incluye dispensador de agua. bandejas de vidrio templado y elegante acabado Black Steel que combina estilo y durabilidad.<\/p>\n","protected":false},"excerpt":{"rendered":"<ul>\n<li>Ahorro de energ&iacute;a. mejor conservaci&oacute;n y mayor frescura de alimentos. gracias a su Tecnolog&iacute;a Home Energy Saver.<\/li>\n<li>Conserva tus alimentos frescos por m&aacute;s tiempo con Total Fresh Flow.<\/li>\n<li>Mayor capacidad interior para almacenar todos tus alimentos.<\/li>\n<\/ul>\n","protected":false},"featured_media":7691,"comment_status":"open","ping_status":"closed","template":"","meta":{"_acf_changed":false,"_joinchat":[]},"product_brand":[],"product_cat":[597,599],"product_tag":[1566,2149,2151,2141,1271,2155,2152,892,2154,2150,2153,2156],"class_list":{"0":"post-7795","1":"product","2":"type-product","3":"status-publish","4":"has-post-thumbnail","6":"product_cat-electrohogar","7":"product_cat-neveras","8":"product_tag-comprar-nevera-mabe","9":"product_tag-nevera-313-litros","10":"product_tag-nevera-black-steel","11":"product_tag-nevera-eficiente-energia","12":"product_tag-nevera-mabe","13":"product_tag-nevera-mabe-colombia","14":"product_tag-nevera-mabe-no-frost-313l","15":"product_tag-nevera-no-frost","16":"product_tag-nevera-para-el-hogar","17":"product_tag-refrigerador-mabe","18":"product_tag-refrigerador-no-frost","19":"product_tag-tienda-ao","21":"first","22":"instock","23":"sale","24":"featured","25":"shipping-taxable","26":"purchasable","27":"product-type-simple"},"acf":[],"_links":{"self":[{"href":"https:\/\/tiendaao.com\/Ecomerce\/wp-json\/wp\/v2\/product\/7795","targetHints":{"allow":["GET"]}}],"collection":[{"href":"https:\/\/tiendaao.com\/Ecomerce\/wp-json\/wp\/v2\/product"}],"about":[{"href":"https:\/\/tiendaao.com\/Ecomerce\/wp-json\/wp\/v2\/types\/product"}],"replies":[{"embeddable":true,"href":"https:\/\/tiendaao.com\/Ecomerce\/wp-json\/wp\/v2\/comments?post=7795"}],"version-history":[{"count":0,"href":"https:\/\/tiendaao.com\/Ecomerce\/wp-json\/wp\/v2\/product\/7795\/revisions"}],"wp:featuredmedia":[{"embeddable":true,"href":"https:\/\/tiendaao.com\/Ecomerce\/wp-json\/wp\/v2\/media\/7691"}],"wp:attachment":[{"href":"https:\/\/tiendaao.com\/Ecomerce\/wp-json\/wp\/v2\/media?parent=7795"}],"wp:term":[{"taxonomy":"product_brand","embeddable":true,"href":"https:\/\/tiendaao.com\/Ecomerce\/wp-json\/wp\/v2\/product_brand?post=7795"},{"taxonomy":"product_cat","embeddable":true,"href":"https:\/\/tiendaao.com\/Ecomerce\/wp-json\/wp\/v2\/product_cat?post=7795"},{"taxonomy":"product_tag","embeddable":true,"href":"https:\/\/tiendaao.com\/Ecomerce\/wp-json\/wp\/v2\/product_tag?post=7795"}],"curies":[{"name":"wp","href":"https:\/\/api.w.org\/{rel}","templated":true}]}}