{"id":7811,"date":"2026-02-28T11:27:09","date_gmt":"2026-02-28T16:27:09","guid":{"rendered":"https:\/\/tiendaao.com\/Ecomerce\/?post_type=product&#038;p=7811"},"modified":"2026-03-13T14:20:38","modified_gmt":"2026-03-13T19:20:38","slug":"lavadora-automatica-9-kg-mabe-lma9020wdgab0","status":"publish","type":"product","link":"https:\/\/tiendaao.com\/Ecomerce\/producto\/lavadora-automatica-9-kg-mabe-lma9020wdgab0\/","title":{"rendered":"Lavadora Autom\u00e1tica 9 Kg Mabe | LMA9020WDGAB0"},"content":{"rendered":"<p>La Lavadora Autom\u00e1tica Mabe LMA9020WDGAB0 de 9 kg en color Diamond Gray ofrece un lavado eficiente y con capacidad para grandes cargas. Su sistema de propela garantiza una limpieza profunda. mientras que sus programas autom\u00e1ticos optimizan el consumo de agua y energ\u00eda. Con dise\u00f1o moderno y tecnolog\u00eda que cuida tu ropa. es la opci\u00f3n ideal para mantener tu hogar organizado y tus prendas impecables con el m\u00ednimo esfuerzo.<\/p>\n","protected":false},"excerpt":{"rendered":"<ul>\n<li>Tapa amortiguada de vidrio con ranuras Air Vent +<\/li>\n<li>Canasta de acero inoxidable Clean Care<\/li>\n<li>Selecci\u00f3n de etapas de lavado (lavado. enjuague. centrifugado)<\/li>\n<li>Apagado autom\u00e1tico<\/li>\n<li>Seguro de ni\u00f1os<\/li>\n<li>Alarma de error<\/li>\n<\/ul>\n","protected":false},"featured_media":7687,"comment_status":"open","ping_status":"closed","template":"","meta":{"_acf_changed":false,"_joinchat":[]},"product_brand":[],"product_cat":[597,630],"product_tag":[2104,2124,2131,2133,2129,2128,2127,2132,2125,2130,2126],"class_list":{"0":"post-7811","1":"product","2":"type-product","3":"status-publish","4":"has-post-thumbnail","6":"product_cat-electrohogar","7":"product_cat-lavado","8":"product_tag-electrodomesticos-tienda-ao","9":"product_tag-lavadora-automatica-9-kg","10":"product_tag-lavadora-color-gris","11":"product_tag-lavadora-con-tecnologia-propela","12":"product_tag-lavadora-cuidado-de-telas","13":"product_tag-lavadora-de-ropa-mabe","14":"product_tag-lavadora-eficiente-energia","15":"product_tag-lavadora-familiar","16":"product_tag-lavadora-mabe-diamond-gray","17":"product_tag-lavadora-potente","18":"product_tag-lavadora-silenciosa","20":"first","21":"instock","22":"sale","23":"shipping-taxable","24":"purchasable","25":"product-type-simple"},"acf":[],"_links":{"self":[{"href":"https:\/\/tiendaao.com\/Ecomerce\/wp-json\/wp\/v2\/product\/7811","targetHints":{"allow":["GET"]}}],"collection":[{"href":"https:\/\/tiendaao.com\/Ecomerce\/wp-json\/wp\/v2\/product"}],"about":[{"href":"https:\/\/tiendaao.com\/Ecomerce\/wp-json\/wp\/v2\/types\/product"}],"replies":[{"embeddable":true,"href":"https:\/\/tiendaao.com\/Ecomerce\/wp-json\/wp\/v2\/comments?post=7811"}],"version-history":[{"count":1,"href":"https:\/\/tiendaao.com\/Ecomerce\/wp-json\/wp\/v2\/product\/7811\/revisions"}],"predecessor-version":[{"id":23104,"href":"https:\/\/tiendaao.com\/Ecomerce\/wp-json\/wp\/v2\/product\/7811\/revisions\/23104"}],"wp:featuredmedia":[{"embeddable":true,"href":"https:\/\/tiendaao.com\/Ecomerce\/wp-json\/wp\/v2\/media\/7687"}],"wp:attachment":[{"href":"https:\/\/tiendaao.com\/Ecomerce\/wp-json\/wp\/v2\/media?parent=7811"}],"wp:term":[{"taxonomy":"product_brand","embeddable":true,"href":"https:\/\/tiendaao.com\/Ecomerce\/wp-json\/wp\/v2\/product_brand?post=7811"},{"taxonomy":"product_cat","embeddable":true,"href":"https:\/\/tiendaao.com\/Ecomerce\/wp-json\/wp\/v2\/product_cat?post=7811"},{"taxonomy":"product_tag","embeddable":true,"href":"https:\/\/tiendaao.com\/Ecomerce\/wp-json\/wp\/v2\/product_tag?post=7811"}],"curies":[{"name":"wp","href":"https:\/\/api.w.org\/{rel}","templated":true}]}}